{"id":10731,"date":"2025-10-24T19:12:26","date_gmt":"2025-10-24T17:12:26","guid":{"rendered":"https:\/\/www.selk-muenchen.de\/?page_id=10731"},"modified":"2026-02-26T15:40:59","modified_gmt":"2026-02-26T14:40:59","slug":"bankverbindungen","status":"publish","type":"page","link":"https:\/\/www.selk-muenchen.de\/en\/startseite\/bankverbindungen\/","title":{"rendered":"BANKVERBINDUNGEN"},"content":{"rendered":"\n<p><\/p>\n\n\n\n<p><strong>GEMEINDEKONTO<\/strong><br \/>(f\u00fcr Gemeindebeitr\u00e4ge oder allgemeine Spenden):<\/p>\n\n\n\n<p>Selbst. Evangelischluth. Trinitatis-Gemeinde M\u00fcnchen e.V.<br \/><strong>IBAN: DE10 7016 9464 0000 5446 12<\/strong><br \/>BIC: GENODEF1M07<br \/>Genossenschaftsbank M\u00fcnchen<\/p>\n\n\n\n<p>______________________________________<\/p>\n\n\n\n<p><strong>BAUKONTO<\/strong><br \/>(f\u00fcr Spenden zur Tilgung der Darlehen):<\/p>\n\n\n\n<p>Selbst. Evangelischluth. Trinitatis-Gemeinde M\u00fcnchen e.V.<br \/><strong>IBAN: DE47 7016 9464 0040 5446 12<\/strong><br \/>BIC: GENODEF1M07<br \/>Genossenschaftsbank M\u00fcnchen<\/p>\n","protected":false},"excerpt":{"rendered":"<p>GEMEINDEKONTO(f\u00fcr Gemeindebeitr\u00e4ge oder allgemeine Spenden): Selbst. Evangelischluth. Trinitatis-Gemeinde M\u00fcnchen e.V.IBAN: DE10 7016 9464 0000 5446 12BIC: GENODEF1M07Genossenschaftsbank M\u00fcnchen ______________________________________ BAUKONTO(f\u00fcr Spenden zur Tilgung der Darlehen): Selbst. Evangelischluth. Trinitatis-Gemeinde M\u00fcnchen e.V.IBAN: DE47 7016 9464 0040 5446 12BIC: GENODEF1M07Genossenschaftsbank M\u00fcnchen<\/p>\n","protected":false},"author":1,"featured_media":0,"parent":11,"menu_order":0,"comment_status":"closed","ping_status":"closed","template":"","meta":{"footnotes":""},"class_list":["post-10731","page","type-page","status-publish","hentry"],"translation":{"provider":"WPGlobus","version":"3.0.2","language":"en","enabled_languages":["de","en"],"languages":{"de":{"title":true,"content":true,"excerpt":false},"en":{"title":false,"content":false,"excerpt":false}}},"_links":{"self":[{"href":"https:\/\/www.selk-muenchen.de\/en\/wp-json\/wp\/v2\/pages\/10731","targetHints":{"allow":["GET"]}}],"collection":[{"href":"https:\/\/www.selk-muenchen.de\/en\/wp-json\/wp\/v2\/pages"}],"about":[{"href":"https:\/\/www.selk-muenchen.de\/en\/wp-json\/wp\/v2\/types\/page"}],"author":[{"embeddable":true,"href":"https:\/\/www.selk-muenchen.de\/en\/wp-json\/wp\/v2\/users\/1"}],"replies":[{"embeddable":true,"href":"https:\/\/www.selk-muenchen.de\/en\/wp-json\/wp\/v2\/comments?post=10731"}],"version-history":[{"count":29,"href":"https:\/\/www.selk-muenchen.de\/en\/wp-json\/wp\/v2\/pages\/10731\/revisions"}],"predecessor-version":[{"id":11277,"href":"https:\/\/www.selk-muenchen.de\/en\/wp-json\/wp\/v2\/pages\/10731\/revisions\/11277"}],"up":[{"embeddable":true,"href":"https:\/\/www.selk-muenchen.de\/en\/wp-json\/wp\/v2\/pages\/11"}],"wp:attachment":[{"href":"https:\/\/www.selk-muenchen.de\/en\/wp-json\/wp\/v2\/media?parent=10731"}],"curies":[{"name":"wp","href":"https:\/\/api.w.org\/{rel}","templated":true}]}}