{"id":11299,"date":"2026-03-01T14:19:00","date_gmt":"2026-03-01T13:19:00","guid":{"rendered":"https:\/\/www.selk-muenchen.de\/?page_id=11299"},"modified":"2026-03-30T14:43:58","modified_gmt":"2026-03-30T12:43:58","slug":"vortraege","status":"publish","type":"page","link":"https:\/\/www.selk-muenchen.de\/en\/vortraege\/","title":{"rendered":"Presentations"},"content":{"rendered":"\n<h1 class=\"wp-block-heading\">Glaubensseminar II<\/h1>\n\n\n\n<p>Februar\/M\u00e4rz 2026<\/p>\n\n\n\n<p id=\"block-25b24a1b-6bfb-47ad-9eae-e97490d9b806\"><strong>1. Das sakramentale Leben der Lutherischen Kirche<\/strong><\/p>\n\n\n\n<figure class=\"wp-block-audio\"><audio controls src=\"https:\/\/www.selk-muenchen.de\/wp-content\/uploads\/2026\/03\/Sitzung-I-Sakramente-stereo-20260227.mp3\"><\/audio><\/figure>\n\n\n\n<p>Folien: <a href=\"https:\/\/www.selk-muenchen.de\/wp-content\/uploads\/2026\/03\/1_Sakramente_Folien-3.pdf\">Seminar 1<\/a><\/p>\n\n\n\n<p id=\"block-d7e7d170-b1c4-42bb-be75-1c22db7b7a67\"><strong>2. Der Gottesdienst als gelebter Glaube<\/strong><\/p>\n\n\n\n<figure class=\"wp-block-audio\"><audio controls src=\"https:\/\/www.selk-muenchen.de\/wp-content\/uploads\/2026\/03\/Sitzung_02_Messe_20260306_stereo.mp3\"><\/audio><\/figure>\n\n\n\n<p id=\"block-d7e7d170-b1c4-42bb-be75-1c22db7b7a67\">Folien: <a href=\"https:\/\/www.selk-muenchen.de\/wp-content\/uploads\/2026\/03\/2_Lutherische_Messe_Folien.pdf\">Seminar 2<\/a><\/p>\n\n\n\n<p id=\"block-fa6b5446-071e-4fe9-9469-7f073768788d\"><strong>3. Glaubensweitergabe, Evangelisation, Mission und Diakonie<\/strong><\/p>\n\n\n\n<figure class=\"wp-block-audio\"><audio controls src=\"https:\/\/www.selk-muenchen.de\/wp-content\/uploads\/2026\/03\/Sitzung_03_Mission_20260313_Bearbeitungsversion_stereo.mp3\"><\/audio><\/figure>\n\n\n\n<p>Folien: <a href=\"https:\/\/www.selk-muenchen.de\/wp-content\/uploads\/2026\/03\/Weitergabe-des-Glaubens-in-der-Familie_Folien.pdf\">Seminar 3<\/a><\/p>\n\n\n\n<p id=\"block-92ccaa5f-4db9-4cd2-af9f-55143076e2cc\"><strong>4. Die Zukunft der SELK finanziell, personell, strukturell und theologisch<\/strong><\/p>\n\n\n\n<figure class=\"wp-block-audio\"><audio controls src=\"https:\/\/www.selk-muenchen.de\/wp-content\/uploads\/2026\/03\/Sitzung_04_Die-SELK_stereo20260320.mp3\"><\/audio><\/figure>\n\n\n\n<p>Folien: <a href=\"https:\/\/www.selk-muenchen.de\/wp-content\/uploads\/2026\/03\/Zukunft-SELK.pdf\">Seminar 4<\/a><\/p>\n\n\n\n<p id=\"block-25b24a1b-6bfb-47ad-9eae-e97490d9b806\"><strong>5. Christliche &#8220;Sexualethik&#8221;<\/strong><\/p>\n\n\n\n<figure class=\"wp-block-audio\"><audio controls src=\"https:\/\/www.selk-muenchen.de\/wp-content\/uploads\/2026\/03\/Sitzung_05_Christliche_Sexualethik_20260327.mp3\"><\/audio><\/figure>\n\n\n\n<p>Folien: <a href=\"https:\/\/www.selk-muenchen.de\/wp-content\/uploads\/2026\/03\/Sexualethik_Folien.pdf\">Seminar 5<\/a><\/p>\n\n\n\n<h2 class=\"wp-block-heading\" id=\"block-45673181-f49c-4f75-89b2-d82cec2f7e99\"><br \/>Glaubensseminar I<br \/>Grundlagen des christlichen Glaubens<\/h2>\n\n\n\n<p>Februar\/M\u00e4rz 2025<\/p>\n\n\n\n<p id=\"block-fca3361a-e366-49d0-8fbd-2cd93492c1ff\">Der Glaubenskurs richtet sich an alle Konfirmierten, die gerne ihr Wissen auffrischen oder erweitern m\u00f6chten. Folgende Themen werden behandelt:<br \/><br \/><strong>1. Der Glaube an Gott<\/strong><br \/>Wie kam es zur \u00dcberzeugung, dass es nur einen Gott gibt? Was bedeutet die Trinit\u00e4t Gottes? Welche Inhalte und Funktion haben die Glaubensbekenntnisse? Wie kann man heute von Gott reden?<\/p>\n\n\n\n<figure class=\"wp-block-audio\"><audio controls src=\"https:\/\/www.selk-muenchen.de\/wp-content\/uploads\/2025\/02\/Glaubenskurs1_20250207.mp3\"><\/audio><\/figure>\n\n\n\n<p><audio src=\"https:\/\/www.selk-muenchen.de\/wp-content\/uploads\/2025\/02\/Glaubenskurs1_20250207.mp3\"><\/audio>Folien: <a href=\"https:\/\/www.selk-muenchen.de\/wp-content\/uploads\/2025\/02\/Seminar-1.pdf\" target=\"_blank\" rel=\"noreferrer noopener\">Seminar-1<\/a><br \/><br \/><br \/><strong>2. Christus \u2013 der menschliche Gott<\/strong><br \/>Was bedeutet die Menschwerdung Gottes? Wie kann Christus Gott und Mensch zugleich sein? Erl\u00f6sung, Rettung, Befreiung durch Christus \u2013 was hei\u00dft das? Was sagen die altkirchlichen Dogmen dazu aus? Jesu Tod und Auferstehung.<\/p>\n\n\n\n<figure class=\"wp-block-audio\"><audio controls src=\"https:\/\/www.selk-muenchen.de\/wp-content\/uploads\/2025\/02\/Glaubenskurs2_20250214.mp3\"><\/audio><\/figure>\n\n\n\n<p><audio src=\"https:\/\/www.selk-muenchen.de\/wp-content\/uploads\/2025\/02\/Glaubenskurs2_20250214.mp3\"><\/audio>Folien: <a href=\"https:\/\/www.selk-muenchen.de\/wp-content\/uploads\/2025\/02\/Seminar-2.pdf\" target=\"_blank\" rel=\"noreferrer noopener\">Seminar-2<\/a><br \/><br \/><br \/><strong>3. Gottes Offenbarungen<\/strong><br \/>Wie offenbart sich Gott? Wie ist die Inkarnation Gottes in Jesus Christus in einer Offenbarungshierarchie zu werten? Gott spricht zu uns \u2013 das Wort der Heiligen Schrift! Das Wirken des Hl. Geistes.<\/p>\n\n\n\n<figure class=\"wp-block-audio\"><audio controls src=\"https:\/\/www.selk-muenchen.de\/wp-content\/uploads\/2025\/02\/Glaubenskurs3_20250221.mp3\"><\/audio><\/figure>\n\n\n\n<p><audio src=\"https:\/\/www.selk-muenchen.de\/wp-content\/uploads\/2025\/02\/Glaubenskurs3_20250221.mp3\"><\/audio>Folien: <a href=\"https:\/\/www.selk-muenchen.de\/wp-content\/uploads\/2025\/02\/Seminar-3.pdf\" target=\"_blank\" rel=\"noreferrer noopener\">Seminar-3<\/a><\/p>\n\n\n\n<p id=\"block-f4a7de94-911d-4114-b65f-2707646cdbce\"><br \/><strong>4. Der Mensch vor Gott<\/strong><br \/>In welcher Beziehung stehen Gott und die Menschen? Was bedeutet S\u00fcndersein \u2013 was ist Erbs\u00fcnde? Warum ist der Mensch erl\u00f6sungsbed\u00fcrftig? Welche Wege zeigt uns Christus auf (Taufe, Umkehr, Beichte, Vers\u00f6hnung)?<\/p>\n\n\n\n<figure class=\"wp-block-audio\"><audio controls src=\"https:\/\/www.selk-muenchen.de\/wp-content\/uploads\/2025\/03\/Glaubenskurs4_20250228.mp3\"><\/audio><\/figure>\n\n\n\n<p><audio src=\"https:\/\/www.selk-muenchen.de\/wp-content\/uploads\/2025\/03\/Glaubenskurs4_20250228.mp3\"><\/audio>Folien: <a href=\"https:\/\/www.selk-muenchen.de\/wp-content\/uploads\/2025\/03\/Glaubenskurs4_Folien.pdf\">Seminar-4<\/a><br \/><br \/><br \/><strong>5. Gemeinschaft \u2013 Gemeinde \u2013 Kirche<\/strong><br \/>In welche Gemeinschaft sind wir gerufen? Was macht Kirche zur Kirche? Gottesdienst und Gemeinschaft \u201eam Heiligen\u201c im Hl. Abendmahl.<\/p>\n\n\n\n<figure class=\"wp-block-audio\"><audio controls src=\"https:\/\/www.selk-muenchen.de\/wp-content\/uploads\/2025\/03\/Glaubenskurs5_20250307.mp3\"><\/audio><\/figure>\n\n\n\n<p><audio src=\"https:\/\/www.selk-muenchen.de\/wp-content\/uploads\/2025\/03\/Glaubenskurs5_20250307.mp3\"><\/audio>Folien: <a href=\"https:\/\/www.selk-muenchen.de\/wp-content\/uploads\/2025\/03\/Glaubenskurs5_Folien.pdf\">Seminar-5<\/a><br \/><br \/><br \/><strong>6. Kirche und Kirchen<\/strong><br \/>Kleine Kirchengeschichte \u2013 Entstehung der gro\u00dfen Konfessionen\/Denominationen \u2013 die SELK \u2013 \u00d6kumene und Zukunftsperspektiven.<\/p>\n\n\n\n<figure class=\"wp-block-audio\"><audio controls src=\"https:\/\/www.selk-muenchen.de\/wp-content\/uploads\/2025\/03\/Glaubenskurs6_20250314_96kbs.mp3\"><\/audio><\/figure>\n\n\n\n<p><audio src=\"https:\/\/www.selk-muenchen.de\/wp-content\/uploads\/2025\/03\/Glaubenskurs6_20250314_96kbs.mp3\"><\/audio>Folien: <a href=\"https:\/\/www.selk-muenchen.de\/wp-content\/uploads\/2025\/03\/Glaubenskurs6_Folien.pdf\">Seminar-6<\/a><br \/><br \/><br \/><strong>7. Von den letzten Dingen<\/strong><br \/>Wie kann man sich ein Leben nach dem Tod vorstellen? Was ist die Ewigkeit \u2013 das J\u00fcngste Gericht \u2013 Himmel und H\u00f6lle? Himmlische Wahrheiten \u2013 Engel und vollendete Heilige.<\/p>\n\n\n\n<figure class=\"wp-block-audio\"><audio controls src=\"https:\/\/www.selk-muenchen.de\/wp-content\/uploads\/2025\/03\/20250328_Von-den-letzten-Dingen.mp3\"><\/audio><\/figure>\n\n\n\n<p><audio src=\"https:\/\/www.selk-muenchen.de\/wp-content\/uploads\/2025\/03\/20250328_Von-den-letzten-Dingen.mp3\"><\/audio>Folien: <a href=\"https:\/\/www.selk-muenchen.de\/wp-content\/uploads\/2025\/03\/Seminar-7.pdf\">Seminar-7<\/a><\/p>\n\n\n\n<p>* * * * * * * * * * * * * * * * * * * * * * * * * * * * * * * * * * * *<\/p>\n\n\n\n<p>2 Podcasts zum Glaubenskurs II, 2. Sitzung, Lutherische Messe<\/p>\n\n\n\n<p class=\"has-small-font-size\">&#8220;Luthers Deutsche Messe bleibt radikal zukunftsweisend&#8221;<\/p>\n\n\n\n<figure class=\"wp-block-audio\"><audio controls src=\"https:\/\/www.selk-muenchen.de\/wp-content\/uploads\/2026\/03\/1_Luthers_Deutsche_Messe_bleibt_radikal_zukunftsweisend.mp3\"><\/audio><\/figure>\n\n\n\n<p class=\"has-small-font-size\">&#8220;Warum die evangelische Messe ihre Mystik verlor&#8221;<\/p>\n\n\n\n<figure class=\"wp-block-audio\"><audio controls src=\"https:\/\/www.selk-muenchen.de\/wp-content\/uploads\/2026\/03\/4_Warum_die_evangelische_Messe_ihre_Mystik_verlor.mp3\"><\/audio><\/figure>\n\n\n\n<p><a href=\"https:\/\/www.selk-muenchen.de\/wp-content\/uploads\/2026\/03\/Bericht_KI_Lutherische_Messe.pdf\">Bericht (Zusammenfassung) zum Glaubenskurs II, 2. Sitzung, Lutherische Messe<\/a><\/p>\n","protected":false},"excerpt":{"rendered":"<p>Glaubensseminar II Februar\/M\u00e4rz 2026 1. Das sakramentale Leben der Lutherischen Kirche Folien: Seminar 1 2. Der Gottesdienst als gelebter Glaube Folien: Seminar 2 3. Glaubensweitergabe, Evangelisation, Mission und Diakonie Folien: Seminar 3 4. Die Zukunft der SELK finanziell, personell, strukturell und theologisch Folien: Seminar 4 5. Christliche &#8220;Sexualethik&#8221; Folien: Seminar 5 Glaubensseminar IGrundlagen des christlichen &hellip; <a href=\"https:\/\/www.selk-muenchen.de\/en\/vortraege\/\" class=\"more-link\">Continue reading <span class=\"screen-reader-text\">Presentations<\/span> <span class=\"meta-nav\">&rarr;<\/span><\/a><\/p>\n","protected":false},"author":1,"featured_media":0,"parent":0,"menu_order":0,"comment_status":"closed","ping_status":"closed","template":"","meta":{"footnotes":""},"class_list":["post-11299","page","type-page","status-publish","hentry"],"translation":{"provider":"WPGlobus","version":"3.0.2","language":"en","enabled_languages":["de","en"],"languages":{"de":{"title":true,"content":true,"excerpt":false},"en":{"title":true,"content":false,"excerpt":false}}},"_links":{"self":[{"href":"https:\/\/www.selk-muenchen.de\/en\/wp-json\/wp\/v2\/pages\/11299","targetHints":{"allow":["GET"]}}],"collection":[{"href":"https:\/\/www.selk-muenchen.de\/en\/wp-json\/wp\/v2\/pages"}],"about":[{"href":"https:\/\/www.selk-muenchen.de\/en\/wp-json\/wp\/v2\/types\/page"}],"author":[{"embeddable":true,"href":"https:\/\/www.selk-muenchen.de\/en\/wp-json\/wp\/v2\/users\/1"}],"replies":[{"embeddable":true,"href":"https:\/\/www.selk-muenchen.de\/en\/wp-json\/wp\/v2\/comments?post=11299"}],"version-history":[{"count":54,"href":"https:\/\/www.selk-muenchen.de\/en\/wp-json\/wp\/v2\/pages\/11299\/revisions"}],"predecessor-version":[{"id":11451,"href":"https:\/\/www.selk-muenchen.de\/en\/wp-json\/wp\/v2\/pages\/11299\/revisions\/11451"}],"wp:attachment":[{"href":"https:\/\/www.selk-muenchen.de\/en\/wp-json\/wp\/v2\/media?parent=11299"}],"curies":[{"name":"wp","href":"https:\/\/api.w.org\/{rel}","templated":true}]}}