{"id":193,"date":"2014-10-15T22:36:47","date_gmt":"2014-10-15T20:36:47","guid":{"rendered":"http:\/\/new.selk-muenchen.de\/?page_id=193"},"modified":"2026-03-02T18:53:45","modified_gmt":"2026-03-02T17:53:45","slug":"kindergottesdienst","status":"publish","type":"page","link":"https:\/\/www.selk-muenchen.de\/en\/gemeindeaktivitaeten\/kindergottesdienst\/","title":{"rendered":"Kindergottesdienst"},"content":{"rendered":"\n<p><a href=\"https:\/\/www.selk-muenchen.de\/wp-content\/uploads\/2026\/03\/Maerz-Mai-2026.pdf\">Kindergottesdienstplan<\/a><\/p>\n\n\n<p style=\"text-align: left;\">Herzlich willkommen zum sonnt\u00e4glichen Kindergottesdienst!<\/p>\n<p>Unser Kindergottesdienst wird von engagierten Kindergottesdiensthelfer\/innen der Gemeinde abgehalten. Eingeladen sind Kinder vom Kleinkindalter bis hin zur Konfirmation.<\/p>\n<p>Den ersten Teil des Gottesdienstes (Eingangsliturgie\/Lesungen) feiern die Kinder gemeinsam mit der Gemeinde. Vor der Predigt werden sie mit einem gemeinsamen Lied und dem Segen Gottes in den Kindergottesdienstraum entlassen.<\/p>\n<p>Dort beginnen wir mit Gesang und einem Gebet. Im Zentrum des Kindergottesdienstes steht dann die Erz\u00e4hlung einer biblischen Geschichte, die wir anschlie\u00dfend mit Spielen, R\u00e4tseln, Malen oder Basteln vertiefen.<\/p>\n<p>Seid Ihr neugierig, welche biblischen Geschichten als n\u00e4chstes dran sind? Dann k\u00f6nnt Ihr im Kindergottesdienstplan oben nachschauen. Dort seht Ihr auch, wer den Kindergottesdienst abhalten wird.<\/p>\n<p>Wir freuen uns, Euch bei uns begr\u00fc\u00dfen zu d\u00fcrfen!<\/p>\n\n<div class=\"wp-block-image\">\n<figure class=\"aligncenter\"><img loading=\"lazy\" decoding=\"async\" width=\"1600\" height=\"1200\" src=\"https:\/\/www.selk-muenchen.de\/wp-content\/uploads\/2025\/12\/Kigo20251207.jpg\" alt=\"\" class=\"wp-image-10943\" srcset=\"https:\/\/www.selk-muenchen.de\/wp-content\/uploads\/2025\/12\/Kigo20251207.jpg 1600w, https:\/\/www.selk-muenchen.de\/wp-content\/uploads\/2025\/12\/Kigo20251207-300x225.jpg 300w, https:\/\/www.selk-muenchen.de\/wp-content\/uploads\/2025\/12\/Kigo20251207-1024x768.jpg 1024w, https:\/\/www.selk-muenchen.de\/wp-content\/uploads\/2025\/12\/Kigo20251207-768x576.jpg 768w, https:\/\/www.selk-muenchen.de\/wp-content\/uploads\/2025\/12\/Kigo20251207-1536x1152.jpg 1536w\" sizes=\"auto, (max-width: 1600px) 100vw, 1600px\" \/><figcaption class=\"wp-element-caption\">Kindergottesdienst vom 2. Advent 2025<\/figcaption><\/figure>\n<\/div>\n\n\n<p>Und hier ein paar Eindr\u00fccke aus dem Kindergottesdienst am 20. Oktober 2019. Laura erz\u00e4hlt die Geschichte vom sinkenden Petrus.<\/p>\n\n\n<div class=\"wp-block-image\">\n<figure class=\"aligncenter size-medium is-resized\"><img loading=\"lazy\" decoding=\"async\" width=\"300\" height=\"273\" src=\"https:\/\/www.selk-muenchen.de\/wp-content\/uploads\/2014\/10\/Ausschnitt-300x273.png\" alt=\"\" class=\"wp-image-4157\" style=\"width:339px;height:308px\"\/><figcaption class=\"wp-element-caption\">Jesus winkt seinen J\u00fcngern zum Abschied<\/figcaption><\/figure>\n<\/div>\n\n<div class=\"wp-block-image\">\n<figure class=\"aligncenter size-medium is-resized\"><img loading=\"lazy\" decoding=\"async\" width=\"300\" height=\"225\" src=\"https:\/\/www.selk-muenchen.de\/wp-content\/uploads\/2014\/10\/20191020_101643-300x225.jpg\" alt=\"\" class=\"wp-image-4149\" style=\"width:341px;height:256px\"\/><figcaption class=\"wp-element-caption\">Ein Sturm kommt auf, die J\u00fcnger rudern gegen die Wellen an<\/figcaption><\/figure>\n<\/div>\n\n<div class=\"wp-block-image\">\n<figure class=\"aligncenter size-large is-resized\"><img loading=\"lazy\" decoding=\"async\" width=\"1024\" height=\"873\" src=\"https:\/\/www.selk-muenchen.de\/wp-content\/uploads\/2014\/10\/Ausschnitt3-1024x873.png\" alt=\"\" class=\"wp-image-4162\" style=\"width:343px;height:293px\"\/><figcaption class=\"wp-element-caption\">Hilfe, da kommt jemand \u00fcbers Wasser gelaufen! <br \/>Ein Gespenst?<\/figcaption><\/figure>\n<\/div>\n\n<div class=\"wp-block-image\">\n<figure class=\"aligncenter size-medium is-resized\"><img loading=\"lazy\" decoding=\"async\" width=\"300\" height=\"225\" src=\"https:\/\/www.selk-muenchen.de\/wp-content\/uploads\/2014\/10\/20191020_104023-300x225.jpg\" alt=\"\" class=\"wp-image-4151\" style=\"width:296px;height:auto\"\/><figcaption class=\"wp-element-caption\">Jetzt wird gebastelt<\/figcaption><\/figure>\n<\/div>\n\n<div class=\"wp-block-image\">\n<figure class=\"aligncenter size-medium is-resized\"><img loading=\"lazy\" decoding=\"async\" width=\"300\" height=\"225\" src=\"https:\/\/www.selk-muenchen.de\/wp-content\/uploads\/2014\/10\/20191020_105319-300x225.jpg\" alt=\"\" class=\"wp-image-4152\" style=\"width:291px;height:218px\"\/><figcaption class=\"wp-element-caption\">und gemalt<\/figcaption><\/figure>\n<\/div>","protected":false},"excerpt":{"rendered":"<p>Kindergottesdienstplan Herzlich willkommen zum sonnt\u00e4glichen Kindergottesdienst! Unser Kindergottesdienst wird von engagierten Kindergottesdiensthelfer\/innen der Gemeinde abgehalten. Eingeladen sind Kinder vom Kleinkindalter bis hin zur Konfirmation. Den ersten Teil des Gottesdienstes (Eingangsliturgie\/Lesungen) feiern die Kinder gemeinsam mit der Gemeinde. Vor der Predigt werden sie mit einem gemeinsamen Lied und dem Segen Gottes in den Kindergottesdienstraum entlassen. Dort &hellip; <a href=\"https:\/\/www.selk-muenchen.de\/en\/gemeindeaktivitaeten\/kindergottesdienst\/\" class=\"more-link\">Continue reading <span class=\"screen-reader-text\">Kindergottesdienst<\/span> <span class=\"meta-nav\">&rarr;<\/span><\/a><\/p>\n","protected":false},"author":1,"featured_media":0,"parent":81,"menu_order":0,"comment_status":"closed","ping_status":"closed","template":"","meta":{"footnotes":""},"class_list":["post-193","page","type-page","status-publish","hentry"],"translation":{"provider":"WPGlobus","version":"3.0.2","language":"en","enabled_languages":["de","en"],"languages":{"de":{"title":true,"content":true,"excerpt":false},"en":{"title":false,"content":false,"excerpt":false}}},"_links":{"self":[{"href":"https:\/\/www.selk-muenchen.de\/en\/wp-json\/wp\/v2\/pages\/193","targetHints":{"allow":["GET"]}}],"collection":[{"href":"https:\/\/www.selk-muenchen.de\/en\/wp-json\/wp\/v2\/pages"}],"about":[{"href":"https:\/\/www.selk-muenchen.de\/en\/wp-json\/wp\/v2\/types\/page"}],"author":[{"embeddable":true,"href":"https:\/\/www.selk-muenchen.de\/en\/wp-json\/wp\/v2\/users\/1"}],"replies":[{"embeddable":true,"href":"https:\/\/www.selk-muenchen.de\/en\/wp-json\/wp\/v2\/comments?post=193"}],"version-history":[{"count":529,"href":"https:\/\/www.selk-muenchen.de\/en\/wp-json\/wp\/v2\/pages\/193\/revisions"}],"predecessor-version":[{"id":11343,"href":"https:\/\/www.selk-muenchen.de\/en\/wp-json\/wp\/v2\/pages\/193\/revisions\/11343"}],"up":[{"embeddable":true,"href":"https:\/\/www.selk-muenchen.de\/en\/wp-json\/wp\/v2\/pages\/81"}],"wp:attachment":[{"href":"https:\/\/www.selk-muenchen.de\/en\/wp-json\/wp\/v2\/media?parent=193"}],"curies":[{"name":"wp","href":"https:\/\/api.w.org\/{rel}","templated":true}]}}