{"id":197,"date":"2014-10-15T22:40:17","date_gmt":"2014-10-15T20:40:17","guid":{"rendered":"http:\/\/new.selk-muenchen.de\/?page_id=197"},"modified":"2025-10-14T11:56:32","modified_gmt":"2025-10-14T09:56:32","slug":"wochengottesdienste","status":"publish","type":"page","link":"https:\/\/www.selk-muenchen.de\/en\/gemeindeaktivitaeten\/wochengottesdienste\/","title":{"rendered":"Wochengottesdienste"},"content":{"rendered":"<p>In der Advents- und Passionszeit finden Wochengottesdienste in der Regel am Mittwochabend um 19.00 Uhr statt.<\/p>\n<p>Au\u00dferdem feiert die Gemeinde den Reformationstag (31. Oktober) und den Bu\u00df- und Bettag jeweils mit einem Gottesdienst.<\/p>\n<p>Termine erfahren Sie \u00fcber das Pfarramt und im Gemeindebrief.<\/p>\n","protected":false},"excerpt":{"rendered":"<p>In der Advents- und Passionszeit finden Wochengottesdienste in der Regel am Mittwochabend um 19.00 Uhr statt. Au\u00dferdem feiert die Gemeinde den Reformationstag (31. Oktober) und den Bu\u00df- und Bettag jeweils mit einem Gottesdienst. Termine erfahren Sie \u00fcber das Pfarramt und im Gemeindebrief.<\/p>\n","protected":false},"author":1,"featured_media":0,"parent":81,"menu_order":0,"comment_status":"closed","ping_status":"closed","template":"","meta":{"footnotes":""},"class_list":["post-197","page","type-page","status-publish","hentry"],"translation":{"provider":"WPGlobus","version":"3.0.2","language":"en","enabled_languages":["de","en"],"languages":{"de":{"title":true,"content":true,"excerpt":false},"en":{"title":false,"content":false,"excerpt":false}}},"_links":{"self":[{"href":"https:\/\/www.selk-muenchen.de\/en\/wp-json\/wp\/v2\/pages\/197","targetHints":{"allow":["GET"]}}],"collection":[{"href":"https:\/\/www.selk-muenchen.de\/en\/wp-json\/wp\/v2\/pages"}],"about":[{"href":"https:\/\/www.selk-muenchen.de\/en\/wp-json\/wp\/v2\/types\/page"}],"author":[{"embeddable":true,"href":"https:\/\/www.selk-muenchen.de\/en\/wp-json\/wp\/v2\/users\/1"}],"replies":[{"embeddable":true,"href":"https:\/\/www.selk-muenchen.de\/en\/wp-json\/wp\/v2\/comments?post=197"}],"version-history":[{"count":4,"href":"https:\/\/www.selk-muenchen.de\/en\/wp-json\/wp\/v2\/pages\/197\/revisions"}],"predecessor-version":[{"id":10701,"href":"https:\/\/www.selk-muenchen.de\/en\/wp-json\/wp\/v2\/pages\/197\/revisions\/10701"}],"up":[{"embeddable":true,"href":"https:\/\/www.selk-muenchen.de\/en\/wp-json\/wp\/v2\/pages\/81"}],"wp:attachment":[{"href":"https:\/\/www.selk-muenchen.de\/en\/wp-json\/wp\/v2\/media?parent=197"}],"curies":[{"name":"wp","href":"https:\/\/api.w.org\/{rel}","templated":true}]}}