{"id":199,"date":"2014-10-15T22:41:20","date_gmt":"2014-10-15T20:41:20","guid":{"rendered":"http:\/\/new.selk-muenchen.de\/?page_id=199"},"modified":"2025-10-13T14:26:27","modified_gmt":"2025-10-13T12:26:27","slug":"konfirmandenunterricht","status":"publish","type":"page","link":"https:\/\/www.selk-muenchen.de\/en\/gemeindeaktivitaeten\/konfirmandenunterricht\/","title":{"rendered":"Konfirmandenunterricht"},"content":{"rendered":"<p>Ungef\u00e4hr ab dem 11. Lebensjahr beginnt in unserer Gemeinde der 1 \u00bd bis 2-j\u00e4hrige Konfirmandenunterricht, der schrittweise von der Beichtzulassung, \u00fcber die Abendmahlszulassung zur Konfirmation f\u00fchrt. Zwei Konfirmandenfreizeiten des Kirchenbezirks S\u00fcddeutschland der SELK erg\u00e4nzen den gemeindlichen Unterricht.<\/p>\n<p>Momentan treffen wir uns in der Regel vierzehnt\u00e4gig samstags um 10.00 Uhr. Termine \u00fcber das Pfarramt.<\/p>\n<p>Unsere n\u00e4chste Konfirmation findet am Pfingstsonntag, 24. Mai 2026 in einem festlichen Gottesdienst statt.<\/p>\n<h2><\/h2>\n","protected":false},"excerpt":{"rendered":"<p>Ungef\u00e4hr ab dem 11. Lebensjahr beginnt in unserer Gemeinde der 1 \u00bd bis 2-j\u00e4hrige Konfirmandenunterricht, der schrittweise von der Beichtzulassung, \u00fcber die Abendmahlszulassung zur Konfirmation f\u00fchrt. Zwei Konfirmandenfreizeiten des Kirchenbezirks S\u00fcddeutschland der SELK erg\u00e4nzen den gemeindlichen Unterricht. Momentan treffen wir uns in der Regel vierzehnt\u00e4gig samstags um 10.00 Uhr. Termine \u00fcber das Pfarramt. Unsere n\u00e4chste &hellip; <a href=\"https:\/\/www.selk-muenchen.de\/en\/gemeindeaktivitaeten\/konfirmandenunterricht\/\" class=\"more-link\">Continue reading <span class=\"screen-reader-text\">Konfirmandenunterricht<\/span> <span class=\"meta-nav\">&rarr;<\/span><\/a><\/p>\n","protected":false},"author":1,"featured_media":0,"parent":81,"menu_order":0,"comment_status":"closed","ping_status":"closed","template":"","meta":{"footnotes":""},"class_list":["post-199","page","type-page","status-publish","hentry"],"translation":{"provider":"WPGlobus","version":"3.0.2","language":"en","enabled_languages":["de","en"],"languages":{"de":{"title":true,"content":true,"excerpt":false},"en":{"title":false,"content":false,"excerpt":false}}},"_links":{"self":[{"href":"https:\/\/www.selk-muenchen.de\/en\/wp-json\/wp\/v2\/pages\/199","targetHints":{"allow":["GET"]}}],"collection":[{"href":"https:\/\/www.selk-muenchen.de\/en\/wp-json\/wp\/v2\/pages"}],"about":[{"href":"https:\/\/www.selk-muenchen.de\/en\/wp-json\/wp\/v2\/types\/page"}],"author":[{"embeddable":true,"href":"https:\/\/www.selk-muenchen.de\/en\/wp-json\/wp\/v2\/users\/1"}],"replies":[{"embeddable":true,"href":"https:\/\/www.selk-muenchen.de\/en\/wp-json\/wp\/v2\/comments?post=199"}],"version-history":[{"count":6,"href":"https:\/\/www.selk-muenchen.de\/en\/wp-json\/wp\/v2\/pages\/199\/revisions"}],"predecessor-version":[{"id":10697,"href":"https:\/\/www.selk-muenchen.de\/en\/wp-json\/wp\/v2\/pages\/199\/revisions\/10697"}],"up":[{"embeddable":true,"href":"https:\/\/www.selk-muenchen.de\/en\/wp-json\/wp\/v2\/pages\/81"}],"wp:attachment":[{"href":"https:\/\/www.selk-muenchen.de\/en\/wp-json\/wp\/v2\/media?parent=199"}],"curies":[{"name":"wp","href":"https:\/\/api.w.org\/{rel}","templated":true}]}}