{"id":2,"date":"2014-09-05T04:41:07","date_gmt":"2014-09-05T02:41:07","guid":{"rendered":"http:\/\/localhost\/wordpress-4.0\/wordpress\/?page_id=2"},"modified":"2025-07-25T14:51:44","modified_gmt":"2025-07-25T12:51:44","slug":"impressum","status":"publish","type":"page","link":"https:\/\/www.selk-muenchen.de\/en\/startseite\/impressum\/","title":{"rendered":"Impressum"},"content":{"rendered":"<p><b>Selbst\u00e4ndige Ev.-Luth. Trinitatisgemeinde<\/b><\/p>\n<p><img loading=\"lazy\" decoding=\"async\" class=\"alignleft size-full wp-image-7\" src=\"https:\/\/www.selk-muenchen.de\/wp-content\/uploads\/2014\/09\/IMG_7547_raw-e14193430922181.jpg\" alt=\"IMG_7547_raw\" width=\"225\" height=\"150\" \/><br \/>\nLustheimstr. 18+20<br \/>\n81247 M\u00fcnchen<\/p>\n<p><b>Tel.:<\/b> 089 &#8211; 8 11 43 47<br \/>\n<b>Email:\u00a0<\/b><a href=\"mailto:selk-muenchen@web.de\" target=\"_blank\" rel=\"noopener noreferrer\">selk-muenchen@web.de<\/a><\/p>\n<p><b>Gemeindekonto:<br \/>\n<\/b>Genossenschaftsbank M\u00fcnchen eG 544 612 (BLZ 701 694 64)<br \/>\nIBAN:\u00a0 DE10 7016 9464 0000 5446 12<br \/>\n<span style=\"line-height: 1.5;\">BIC:\u00a0\u00a0\u00a0\u00a0 GENODEF1M07<\/span><\/p>\n<p><b>Inhaltlich Verantwortlicher gem\u00e4\u00df \u00a7\u00a7 6 und 10(3) MDStV:<br \/>\n<\/b>Pfr. Frank-Christian Schmitt<br \/>\n<b>Gestaltung und Pflege der Seiten:<br \/>\n<\/b>O. R\u00f6hrs, C. Teitzel<\/p>\n<p><b>Haftungshinweis:<\/b><br \/>\nTrotz sorgf\u00e4ltiger inhaltlicher Kontrolle \u00fcbernehmen wir keine Haftung f\u00fcr die Inhalte externer Links. F\u00fcr den Inhalt der verlinkten Seiten sind ausschlie\u00dflich deren Betreiber verantwortlich.<\/p>\n<div class=\"ce_text block\"><strong>Bildquellen und -rechte:<\/strong><br \/>\nDie Bildrechte liegen beim Pfarrer, den Fotografen oder der Gemeinde.<\/div>\n<div><\/div>\n<div class=\"ce_text last block\">\n<p><strong>Weitere Informationen:<\/strong><\/p>\n<p><a href=\"http:\/\/www.selk-muenchen.de\/allgemeine-nutzungsbedingungen\/\">Allg. Nutzungsbedingungen anzeigen<\/a><\/p>\n<p><a href=\"http:\/\/www.selk-muenchen.de\/startseite\/datenschutz\/\">Datenschutzerkl\u00e4rung<\/a><\/p>\n<p><a href=\"http:\/\/www.selk-muenchen.de\/haftungsausschluss-disclaimer\/\">Haftungsausschluss (Disclaimer)<\/a><\/p>\n<\/div>\n","protected":false},"excerpt":{"rendered":"<p>Selbst\u00e4ndige Ev.-Luth. Trinitatisgemeinde Lustheimstr. 18+20 81247 M\u00fcnchen Tel.: 089 &#8211; 8 11 43 47 Email:\u00a0selk-muenchen@web.de Gemeindekonto: Genossenschaftsbank M\u00fcnchen eG 544 612 (BLZ 701 694 64) IBAN:\u00a0 DE10 7016 9464 0000 5446 12 BIC:\u00a0\u00a0\u00a0\u00a0 GENODEF1M07 Inhaltlich Verantwortlicher gem\u00e4\u00df \u00a7\u00a7 6 und 10(3) MDStV: Pfr. Frank-Christian Schmitt Gestaltung und Pflege der Seiten: O. R\u00f6hrs, C. Teitzel Haftungshinweis: &hellip; <a href=\"https:\/\/www.selk-muenchen.de\/en\/startseite\/impressum\/\" class=\"more-link\">Continue reading <span class=\"screen-reader-text\">Impressum<\/span> <span class=\"meta-nav\">&rarr;<\/span><\/a><\/p>\n","protected":false},"author":1,"featured_media":0,"parent":11,"menu_order":70,"comment_status":"closed","ping_status":"closed","template":"page-templates\/full-width.php","meta":{"footnotes":""},"class_list":["post-2","page","type-page","status-publish","hentry"],"translation":{"provider":"WPGlobus","version":"3.0.2","language":"en","enabled_languages":["de","en"],"languages":{"de":{"title":true,"content":true,"excerpt":false},"en":{"title":false,"content":false,"excerpt":false}}},"_links":{"self":[{"href":"https:\/\/www.selk-muenchen.de\/en\/wp-json\/wp\/v2\/pages\/2","targetHints":{"allow":["GET"]}}],"collection":[{"href":"https:\/\/www.selk-muenchen.de\/en\/wp-json\/wp\/v2\/pages"}],"about":[{"href":"https:\/\/www.selk-muenchen.de\/en\/wp-json\/wp\/v2\/types\/page"}],"author":[{"embeddable":true,"href":"https:\/\/www.selk-muenchen.de\/en\/wp-json\/wp\/v2\/users\/1"}],"replies":[{"embeddable":true,"href":"https:\/\/www.selk-muenchen.de\/en\/wp-json\/wp\/v2\/comments?post=2"}],"version-history":[{"count":20,"href":"https:\/\/www.selk-muenchen.de\/en\/wp-json\/wp\/v2\/pages\/2\/revisions"}],"predecessor-version":[{"id":10503,"href":"https:\/\/www.selk-muenchen.de\/en\/wp-json\/wp\/v2\/pages\/2\/revisions\/10503"}],"up":[{"embeddable":true,"href":"https:\/\/www.selk-muenchen.de\/en\/wp-json\/wp\/v2\/pages\/11"}],"wp:attachment":[{"href":"https:\/\/www.selk-muenchen.de\/en\/wp-json\/wp\/v2\/media?parent=2"}],"curies":[{"name":"wp","href":"https:\/\/api.w.org\/{rel}","templated":true}]}}