{"id":201,"date":"2014-10-15T22:43:11","date_gmt":"2014-10-15T20:43:11","guid":{"rendered":"http:\/\/new.selk-muenchen.de\/?page_id=201"},"modified":"2025-10-14T11:50:32","modified_gmt":"2025-10-14T09:50:32","slug":"predigtnachgespraech","status":"publish","type":"page","link":"https:\/\/www.selk-muenchen.de\/en\/gemeindeaktivitaeten\/predigtnachgespraech\/","title":{"rendered":"Predigtnachgespr\u00e4ch"},"content":{"rendered":"<p>In unregelm\u00e4\u00dfigen Abst\u00e4nden bietet Pfarrer Schmitt nach dem Gottesdienst im Gemeindesaal die M\u00f6glichkeit zu einem Predigtnachgespr\u00e4ch (mit Kirchenkaffee) an. Im gemeinsamen Gespr\u00e4ch und Diskussion soll das in der Predigt Geh\u00f6rte vertieft und ggf. auch pers\u00f6nlich bereichert werden. Ein solches Gespr\u00e4ch ist f\u00fcr viele Gemeindeglieder und G\u00e4ste eine praktische Hilfe f\u00fcr den Alltag der bevorstehenden Woche. Predigtnachgespr\u00e4che werden zusammen mit den <a title=\"Gottesdienste\" href=\"https:\/\/www.selk-muenchen.de\/startseite\/gottesdienste-2\/\">Gottesdiensten<\/a> angek\u00fcndigt.<\/p>\n","protected":false},"excerpt":{"rendered":"<p>In unregelm\u00e4\u00dfigen Abst\u00e4nden bietet Pfarrer Schmitt nach dem Gottesdienst im Gemeindesaal die M\u00f6glichkeit zu einem Predigtnachgespr\u00e4ch (mit Kirchenkaffee) an. Im gemeinsamen Gespr\u00e4ch und Diskussion soll das in der Predigt Geh\u00f6rte vertieft und ggf. auch pers\u00f6nlich bereichert werden. Ein solches Gespr\u00e4ch ist f\u00fcr viele Gemeindeglieder und G\u00e4ste eine praktische Hilfe f\u00fcr den Alltag der bevorstehenden Woche. &hellip; <a href=\"https:\/\/www.selk-muenchen.de\/en\/gemeindeaktivitaeten\/predigtnachgespraech\/\" class=\"more-link\">Continue reading <span class=\"screen-reader-text\">Predigtnachgespr\u00e4ch<\/span> <span class=\"meta-nav\">&rarr;<\/span><\/a><\/p>\n","protected":false},"author":1,"featured_media":0,"parent":81,"menu_order":0,"comment_status":"closed","ping_status":"closed","template":"","meta":{"footnotes":""},"class_list":["post-201","page","type-page","status-publish","hentry"],"translation":{"provider":"WPGlobus","version":"3.0.2","language":"en","enabled_languages":["de","en"],"languages":{"de":{"title":true,"content":true,"excerpt":false},"en":{"title":false,"content":false,"excerpt":false}}},"_links":{"self":[{"href":"https:\/\/www.selk-muenchen.de\/en\/wp-json\/wp\/v2\/pages\/201","targetHints":{"allow":["GET"]}}],"collection":[{"href":"https:\/\/www.selk-muenchen.de\/en\/wp-json\/wp\/v2\/pages"}],"about":[{"href":"https:\/\/www.selk-muenchen.de\/en\/wp-json\/wp\/v2\/types\/page"}],"author":[{"embeddable":true,"href":"https:\/\/www.selk-muenchen.de\/en\/wp-json\/wp\/v2\/users\/1"}],"replies":[{"embeddable":true,"href":"https:\/\/www.selk-muenchen.de\/en\/wp-json\/wp\/v2\/comments?post=201"}],"version-history":[{"count":5,"href":"https:\/\/www.selk-muenchen.de\/en\/wp-json\/wp\/v2\/pages\/201\/revisions"}],"predecessor-version":[{"id":10698,"href":"https:\/\/www.selk-muenchen.de\/en\/wp-json\/wp\/v2\/pages\/201\/revisions\/10698"}],"up":[{"embeddable":true,"href":"https:\/\/www.selk-muenchen.de\/en\/wp-json\/wp\/v2\/pages\/81"}],"wp:attachment":[{"href":"https:\/\/www.selk-muenchen.de\/en\/wp-json\/wp\/v2\/media?parent=201"}],"curies":[{"name":"wp","href":"https:\/\/api.w.org\/{rel}","templated":true}]}}