{"id":21,"date":"2014-10-11T17:57:49","date_gmt":"2014-10-11T15:57:49","guid":{"rendered":"http:\/\/new.selk-muenchen.de\/?page_id=21"},"modified":"2023-10-01T11:26:28","modified_gmt":"2023-10-01T09:26:28","slug":"selk","status":"publish","type":"page","link":"https:\/\/www.selk-muenchen.de\/en\/selk\/","title":{"rendered":"SELK"},"content":{"rendered":"<p>In der <b>Selbst\u00e4ndigen Evangelisch-Lutherische Kirche (SELK) <\/b>haben sich verschiedene lutherische Bekenntniskirchen zusammengeschlossen, deren geschichtliche Wurzeln bis in das 19. Jahrhundert reichen. Erste Gemeindebildungen erfolgten ab 1830, aus dem Widerstand gegen die Einf\u00fchrung der Union in Preu\u00dfen. Trotz scharfer Unterdr\u00fcckungsma\u00dfnahmen des preu\u00dfischen Staates kam es zur Gr\u00fcndung einer ersten staatsfreien lutherischen Kirche auf deutschem Boden, die sich von Schlesien und Pommern aus in alle preu\u00dfischen Gebiete ausbreitete (\u201eAltlutheraner\u201c). In Hessen und Baden trat sp\u00e4ter eine \u00e4hnliche Entwicklung ein; in Hannover und Sachsen bildeten sich ebenfalls selbstst\u00e4ndige lutherische Gemeinden aus dem Widerstand gegen Rationalismus und liberale Theologie.<\/p>\n<p>In ihrer \u201eGrundordnung\u201c hat die SELK ihre Bindung an die Heilige Schrift \u201eals an das unfehlbare Wort Gottes\u201c und an die lutherischen Bekenntnisschriften, \u201eweil in ihnen die schriftgem\u00e4\u00dfe Lehre bezeugt ist\u201c festgeschrieben (Artikel 1). Sowohl in der Kirchenleitung als auch in der alle vier Jahre tagenden Kirchensynode als dem obersten Gremium der Kirche sind sowohl Pfarrer als auch Gemeindeglieder vertreten. Der Kirchenleitung steht der Bischof vor. Derzeitiger Amtsinhaber ist Hans-J\u00f6rg Voigt. Sitz der Kirchenleitung ist Hannover. Die etwa 37.500 Kirchglieder in rund 200 Gemeinden sind bundesweit elf Kirchenbezirken (mit je einem Superintendenten) in vier Sprengeln (mit je einem Propst) zugeordnet. Die etwa 140 Pfarrer haben ihr Studium in der Regel an der von der SELK getragenen Lutherischen Theologischen Hochschule in Oberursel (Taunus) und an staatlichen Universit\u00e4ten abgelegt. Finanziell st\u00fctzt sich die SELK auf die aus Selbstverpflichtung entrichteten Gaben ihrer Gemeindeglieder (ohne Kirchensteuereinzug). Die SELK ist eine K\u00f6rperschaft des \u00f6ffentlichen Rechts und zur Ausstellung von Spendenbescheinigungen berechtigt.<\/p>\n<p>Zu den Lebens\u00e4u\u00dferungen der SELK geh\u00f6rt neben den Gottesdiensten als dem Zentrum gemeindlichen Lebens das missionarische Engagement durch die \u201eLutherische Kirchenmission (Bleckmarer Mission)\u201c im In- und Ausland, durch die Rundfunkmission \u201eLutherische Stunde\u201c sowie durch gemeindemissionarische Impulse des \u201eAmtes f\u00fcr Gemeindedienst\u201c sowie die diakonische Arbeit durch das eigene Diakonische Werk und verschiedene diakonische Einrichtungen. Zus\u00e4tzlich geh\u00f6ren die Kirchenmusik, die Kinder und Jugendarbeit und die Arbeit des Diakonisch-Missionarischen Frauendienstes zu den vielf\u00e4ltigen Aktivit\u00e4ten des kirchlichen Lebens der SELK.<\/p>\n<p>Die SELK steht in Kirchengemeinschaft mit anderen lutherischen Bekenntniskirchen in Deutschland (ELKiB), D\u00e4nemark, England, Frankreich-Belgien, Belgien, Spanien, USA (Missouri-Synode), Australien und S\u00fcdafrika. Auf europ\u00e4ischer Ebene arbeiten die lutherischen Bekenntniskirchen in der Europ\u00e4ischen Lutherischen Konferenz, auf Weltebene im Internationalen Lutherischen Rat zusammen. Die SELK ist Vollmitglied in der Arbeitsgemeinschaft Christlicher Kirchen (ACK), Arbeitsbeziehungen gibt es durch Mitarbeit in Aussch\u00fcssen der Vereinigten Evangelisch-Lutherischen Kirche Deutschlands (VELKD), im Martin-Luther-Bund, im Diakonischen Werk der EKD und in der Deutschen Bibelgesellschaft.<\/p>\n<p><strong>Links:<\/strong><\/p>\n<p><a href=\"https:\/\/www.selk-muenchen.de\/wp-content\/uploads\/2014\/10\/www.selk.de\" target=\"_blank\" rel=\"noopener\">Homepage der SELK<\/a><br \/>\n<a href=\"https:\/\/www.selk-muenchen.de\/wp-content\/uploads\/2014\/10\/Selbst%C3%A4ndige_Evangelisch-Lutherische_Kirche\" target=\"_blank\" rel=\"noopener\">Die SELK bei Wikipedia<\/a><\/p>\n","protected":false},"excerpt":{"rendered":"<p>In der Selbst\u00e4ndigen Evangelisch-Lutherische Kirche (SELK) haben sich verschiedene lutherische Bekenntniskirchen zusammengeschlossen, deren geschichtliche Wurzeln bis in das 19. Jahrhundert reichen. Erste Gemeindebildungen erfolgten ab 1830, aus dem Widerstand gegen die Einf\u00fchrung der Union in Preu\u00dfen. Trotz scharfer Unterdr\u00fcckungsma\u00dfnahmen des preu\u00dfischen Staates kam es zur Gr\u00fcndung einer ersten staatsfreien lutherischen Kirche auf deutschem Boden, die &hellip; <a href=\"https:\/\/www.selk-muenchen.de\/en\/selk\/\" class=\"more-link\">Continue reading <span class=\"screen-reader-text\">SELK<\/span> <span class=\"meta-nav\">&rarr;<\/span><\/a><\/p>\n","protected":false},"author":1,"featured_media":0,"parent":0,"menu_order":1,"comment_status":"closed","ping_status":"closed","template":"","meta":{"footnotes":""},"class_list":["post-21","page","type-page","status-publish","hentry"],"translation":{"provider":"WPGlobus","version":"3.0.2","language":"en","enabled_languages":["de","en"],"languages":{"de":{"title":true,"content":true,"excerpt":false},"en":{"title":false,"content":false,"excerpt":false}}},"_links":{"self":[{"href":"https:\/\/www.selk-muenchen.de\/en\/wp-json\/wp\/v2\/pages\/21","targetHints":{"allow":["GET"]}}],"collection":[{"href":"https:\/\/www.selk-muenchen.de\/en\/wp-json\/wp\/v2\/pages"}],"about":[{"href":"https:\/\/www.selk-muenchen.de\/en\/wp-json\/wp\/v2\/types\/page"}],"author":[{"embeddable":true,"href":"https:\/\/www.selk-muenchen.de\/en\/wp-json\/wp\/v2\/users\/1"}],"replies":[{"embeddable":true,"href":"https:\/\/www.selk-muenchen.de\/en\/wp-json\/wp\/v2\/comments?post=21"}],"version-history":[{"count":3,"href":"https:\/\/www.selk-muenchen.de\/en\/wp-json\/wp\/v2\/pages\/21\/revisions"}],"predecessor-version":[{"id":8548,"href":"https:\/\/www.selk-muenchen.de\/en\/wp-json\/wp\/v2\/pages\/21\/revisions\/8548"}],"wp:attachment":[{"href":"https:\/\/www.selk-muenchen.de\/en\/wp-json\/wp\/v2\/media?parent=21"}],"curies":[{"name":"wp","href":"https:\/\/api.w.org\/{rel}","templated":true}]}}