{"id":214,"date":"2014-10-15T22:55:06","date_gmt":"2014-10-15T20:55:06","guid":{"rendered":"http:\/\/new.selk-muenchen.de\/?page_id=214"},"modified":"2023-10-01T11:27:53","modified_gmt":"2023-10-01T09:27:53","slug":"chips-bibel","status":"publish","type":"page","link":"https:\/\/www.selk-muenchen.de\/en\/gemeindeaktivitaeten\/chips-bibel\/","title":{"rendered":"Chips &#038; Bibel"},"content":{"rendered":"<p>Als &#8220;Chips &amp; Bibel&#8221; trifft sich die ehemalige Junge Gemeinde vierzehnt\u00e4gig wechselnd donnerstags um 19.30 bei den Teilnehmern zu Hause zum gemeinsamen Gespr\u00e4ch und Bibellekt\u00fcre.<\/p>\n<p>\u00dcber Neuzug\u00e4nge freuen wir uns immer!<br \/>Termine erfahren Sie \u00fcber das <a title=\"Startseite\" href=\"https:\/\/www.selk-muenchen.de\/wp-content\/uploads\/2014\/10\/?page_id=112\">Pfarramt <\/a>und im <a title=\"Gemeindebrief\" href=\"https:\/\/www.selk-muenchen.de\/wp-content\/uploads\/2014\/10\/?page_id=481\">Gemeindebrief<\/a>.<\/p>\n<p><a href=\"http:\/\/new.selk-muenchen.de\/wp-content\/uploads\/2014\/10\/IMG_2270.jpg\"><img loading=\"lazy\" decoding=\"async\" class=\"wp-image-468 size-medium aligncenter\" src=\"https:\/\/www.selk-muenchen.de\/wp-content\/uploads\/2014\/10\/IMG_2270-300x2251.jpg\" alt=\"Chips &amp; Bibel bei Erdi, Dez. 2014\" width=\"300\" height=\"225\" \/><\/a><\/p>\n<p style=\"text-align: center;\"><a href=\"http:\/\/new.selk-muenchen.de\/wp-content\/uploads\/2014\/10\/IMG_2269.jpg\"><img loading=\"lazy\" decoding=\"async\" class=\"wp-image-466 size-medium aligncenter\" src=\"https:\/\/www.selk-muenchen.de\/wp-content\/uploads\/2014\/10\/IMG_2269-300x2251.jpg\" alt=\"Da steht's ja: Chips &amp; Bibel\" width=\"300\" height=\"225\" \/> <\/a><em><span style=\"color: #999999;\">Da steht&#8217;s ja: Chips &amp; Bibel<\/span><\/em><a href=\"https:\/\/www.selk-muenchen.de\/wp-content\/uploads\/2014\/10\/IMG_5256.jpg\"><img loading=\"lazy\" decoding=\"async\" class=\"size-medium wp-image-3370 aligncenter\" src=\"https:\/\/www.selk-muenchen.de\/wp-content\/uploads\/2014\/10\/IMG_5256-300x2251.jpg\" alt=\"\" width=\"300\" height=\"225\" \/><\/a><span style=\"color: #999999;\">\u00a0 <em>Chips und Bibel 2018<\/em><\/span><\/p>\n\n\n<h1 class=\"wp-block-heading\"><\/h1>\n\n\n\n<p><\/p>\n","protected":false},"excerpt":{"rendered":"<p>Als &#8220;Chips &amp; Bibel&#8221; trifft sich die ehemalige Junge Gemeinde vierzehnt\u00e4gig wechselnd donnerstags um 19.30 bei den Teilnehmern zu Hause zum gemeinsamen Gespr\u00e4ch und Bibellekt\u00fcre. \u00dcber Neuzug\u00e4nge freuen wir uns immer!Termine erfahren Sie \u00fcber das Pfarramt und im Gemeindebrief. Da steht&#8217;s ja: Chips &amp; Bibel\u00a0 Chips und Bibel 2018<\/p>\n","protected":false},"author":9,"featured_media":0,"parent":81,"menu_order":0,"comment_status":"closed","ping_status":"closed","template":"","meta":{"footnotes":""},"class_list":["post-214","page","type-page","status-publish","hentry"],"translation":{"provider":"WPGlobus","version":"3.0.2","language":"en","enabled_languages":["de","en"],"languages":{"de":{"title":true,"content":true,"excerpt":false},"en":{"title":false,"content":false,"excerpt":false}}},"_links":{"self":[{"href":"https:\/\/www.selk-muenchen.de\/en\/wp-json\/wp\/v2\/pages\/214","targetHints":{"allow":["GET"]}}],"collection":[{"href":"https:\/\/www.selk-muenchen.de\/en\/wp-json\/wp\/v2\/pages"}],"about":[{"href":"https:\/\/www.selk-muenchen.de\/en\/wp-json\/wp\/v2\/types\/page"}],"author":[{"embeddable":true,"href":"https:\/\/www.selk-muenchen.de\/en\/wp-json\/wp\/v2\/users\/9"}],"replies":[{"embeddable":true,"href":"https:\/\/www.selk-muenchen.de\/en\/wp-json\/wp\/v2\/comments?post=214"}],"version-history":[{"count":29,"href":"https:\/\/www.selk-muenchen.de\/en\/wp-json\/wp\/v2\/pages\/214\/revisions"}],"predecessor-version":[{"id":8610,"href":"https:\/\/www.selk-muenchen.de\/en\/wp-json\/wp\/v2\/pages\/214\/revisions\/8610"}],"up":[{"embeddable":true,"href":"https:\/\/www.selk-muenchen.de\/en\/wp-json\/wp\/v2\/pages\/81"}],"wp:attachment":[{"href":"https:\/\/www.selk-muenchen.de\/en\/wp-json\/wp\/v2\/media?parent=214"}],"curies":[{"name":"wp","href":"https:\/\/api.w.org\/{rel}","templated":true}]}}