{"id":220,"date":"2014-10-15T22:59:46","date_gmt":"2014-10-15T20:59:46","guid":{"rendered":"http:\/\/new.selk-muenchen.de\/?page_id=220"},"modified":"2026-02-26T16:12:29","modified_gmt":"2026-02-26T15:12:29","slug":"missionsfest","status":"publish","type":"page","link":"https:\/\/www.selk-muenchen.de\/en\/jaehrliche-veranstaltungen\/missionsfest\/","title":{"rendered":"Missionsfest"},"content":{"rendered":"\n<p>J\u00e4hrlich feiert die Gemeinde ein Missionsfest und erf\u00e4hrt von den Missionaren der <a href=\"https:\/\/www.selk-muenchen.de\/wp-content\/uploads\/2014\/10\/www.mission-bleckmar.de\" target=\"_blank\" rel=\"noopener noreferrer\">Lutherischen Kirchenmission<\/a> \u00fcber deren Arbeit in Deutschland und der weiten Welt.<\/p>\n\n\n\n<p>Am 1. Februar 2026 fand nach dem Gottesdienst ein Missionsvortrag von Pfr. Matthias Tepper (Oberursel) statt. <\/p>\n\n\n\n<p>Am 14. September 2025 hat das Bayerische Missionsfest (Memmingen, M\u00fcnchen, N\u00fcrnberg) mit Missionsdirektor E. Hohls in M\u00fcnchen stattgefunden.<\/p>\n\n\n\n<p>Am 5.-6. Juli 2025 war Missionar Thomas Beneke aus S\u00fcdafrika mit seiner Familie zu Gast bei uns. Am Samstag hat er den Konfirmanden von seiner Arbeit berichtet und ihnen erkl\u00e4rt, was Mission praktisch bedeutet. Am Sonntag hat er nach dem Gottesdienst der Gemeinde von seiner Arbeit erz\u00e4hlt.<\/p>\n\n\n\n<p>Am Sonntag 21. Juli 2024 wird Missionarsehepaar Christoph und Sigrid Weber \u00fcber ihre Missionst\u00e4tigkeiten berichten.<\/p>\n\n\n\n<p>Am Sonntag 28. Januar 2024 war Missionar Pfr. Hugo Gevers aus Leipzig zu Besuch und hat nach dem Gottesdienst \u00fcber seine Arbeit berichtet.<\/p>\n\n\n\n<p>Am Samstag 14. September 2019 fand ein Missionsnachmittag mit Pfarrer Dr. B\u00f6hmer (S\u00fcdafrika) statt.<\/p>\n\n\n\n<p>Am Epiphaniasfest 2017 war Pfarrer Dr. Gottfried Martens (Berlin-Steglitz) zu Besuch, der uns mit einer erbaulichen Predigt im Gottesdienst und einem mitrei\u00dfenden Vortrag \u00fcber seine Arbeit unter ehemaligen Muslimen in Berlin bereichert hat. Die Predigt kann man von der Startseite aus im linken Men\u00fcpunkt &#8220;Predigten&#8221; unter dem 6.1.2017 finden. Der Vortrag ist \u00fcber dem linken Men\u00fcpunkt &#8220;Vortr\u00e4ge&#8221; zum mith\u00f6ren und\/oder zum herunterladen ebenfalls eingestellt.<\/p>\n\n\n\n<p>Im Jahr 2016 hatten wir&nbsp;am 6. Januar 2016 (Epiphanias) Missionar Christoph Weber (S\u00fcdafrika)&nbsp; zu Besuch.<\/p>\n\n\n\n<p>Im Jahr 2015 fand das Missionsfest am 14. Juni mit Andrea Riemann (Kinderheim Moreira, Brasilien) statt.<\/p>\n\n\n\n<p><\/p>\n","protected":false},"excerpt":{"rendered":"<p>J\u00e4hrlich feiert die Gemeinde ein Missionsfest und erf\u00e4hrt von den Missionaren der Lutherischen Kirchenmission \u00fcber deren Arbeit in Deutschland und der weiten Welt. Am 1. Februar 2026 fand nach dem Gottesdienst ein Missionsvortrag von Pfr. Matthias Tepper (Oberursel) statt. Am 14. September 2025 hat das Bayerische Missionsfest (Memmingen, M\u00fcnchen, N\u00fcrnberg) mit Missionsdirektor E. Hohls in &hellip; <a href=\"https:\/\/www.selk-muenchen.de\/en\/jaehrliche-veranstaltungen\/missionsfest\/\" class=\"more-link\">Continue reading <span class=\"screen-reader-text\">Missionsfest<\/span> <span class=\"meta-nav\">&rarr;<\/span><\/a><\/p>\n","protected":false},"author":1,"featured_media":0,"parent":231,"menu_order":0,"comment_status":"closed","ping_status":"closed","template":"","meta":{"footnotes":""},"class_list":["post-220","page","type-page","status-publish","hentry"],"translation":{"provider":"WPGlobus","version":"3.0.2","language":"en","enabled_languages":["de","en"],"languages":{"de":{"title":true,"content":true,"excerpt":false},"en":{"title":false,"content":false,"excerpt":false}}},"_links":{"self":[{"href":"https:\/\/www.selk-muenchen.de\/en\/wp-json\/wp\/v2\/pages\/220","targetHints":{"allow":["GET"]}}],"collection":[{"href":"https:\/\/www.selk-muenchen.de\/en\/wp-json\/wp\/v2\/pages"}],"about":[{"href":"https:\/\/www.selk-muenchen.de\/en\/wp-json\/wp\/v2\/types\/page"}],"author":[{"embeddable":true,"href":"https:\/\/www.selk-muenchen.de\/en\/wp-json\/wp\/v2\/users\/1"}],"replies":[{"embeddable":true,"href":"https:\/\/www.selk-muenchen.de\/en\/wp-json\/wp\/v2\/comments?post=220"}],"version-history":[{"count":17,"href":"https:\/\/www.selk-muenchen.de\/en\/wp-json\/wp\/v2\/pages\/220\/revisions"}],"predecessor-version":[{"id":11283,"href":"https:\/\/www.selk-muenchen.de\/en\/wp-json\/wp\/v2\/pages\/220\/revisions\/11283"}],"up":[{"embeddable":true,"href":"https:\/\/www.selk-muenchen.de\/en\/wp-json\/wp\/v2\/pages\/231"}],"wp:attachment":[{"href":"https:\/\/www.selk-muenchen.de\/en\/wp-json\/wp\/v2\/media?parent=220"}],"curies":[{"name":"wp","href":"https:\/\/api.w.org\/{rel}","templated":true}]}}