{"id":228,"date":"2014-10-15T23:15:17","date_gmt":"2014-10-15T21:15:17","guid":{"rendered":"http:\/\/new.selk-muenchen.de\/?page_id=228"},"modified":"2025-09-23T10:54:29","modified_gmt":"2025-09-23T08:54:29","slug":"kirchenvorstand","status":"publish","type":"page","link":"https:\/\/www.selk-muenchen.de\/en\/startseite\/kirchenvorstand\/","title":{"rendered":"Kirchenvorstand"},"content":{"rendered":"<p>Der Kirchenvorstand trifft sich in der Regel monatlich zur Kirchenvorstandssitzung und vertritt die Gemeinde juristisch nach au\u00dfen. Jedes Mitglied des Kirchenvorstandes ist f\u00fcr einen bestimmten Aufgabenbereich in der Gemeinde zust\u00e4ndig.<\/p>\n<p>Zur Zeit geh\u00f6ren dem Kirchenvorstand an:<br \/>Pfarrer Frank-Christian Schmitt<br \/>Herr Jukka Aro<br \/>Herr Joachim Forchheim<br \/>Herr Kay Frank H\u00f6hn<br \/>Herr Peter Ke\u00dfler (Rendant)<br \/>Frau Onnalee R\u00f6hrs<br \/>Frau Christiane Schmidt<br \/>Herr Dr. Christian Teitzel<\/p>\n\n\n<p><\/p>\n","protected":false},"excerpt":{"rendered":"<p>Der Kirchenvorstand trifft sich in der Regel monatlich zur Kirchenvorstandssitzung und vertritt die Gemeinde juristisch nach au\u00dfen. Jedes Mitglied des Kirchenvorstandes ist f\u00fcr einen bestimmten Aufgabenbereich in der Gemeinde zust\u00e4ndig. Zur Zeit geh\u00f6ren dem Kirchenvorstand an:Pfarrer Frank-Christian SchmittHerr Jukka AroHerr Joachim ForchheimHerr Kay Frank H\u00f6hnHerr Peter Ke\u00dfler (Rendant)Frau Onnalee R\u00f6hrsFrau Christiane SchmidtHerr Dr. Christian Teitzel<\/p>\n","protected":false},"author":1,"featured_media":0,"parent":11,"menu_order":50,"comment_status":"closed","ping_status":"closed","template":"","meta":{"footnotes":""},"class_list":["post-228","page","type-page","status-publish","hentry"],"translation":{"provider":"WPGlobus","version":"3.0.2","language":"en","enabled_languages":["de","en"],"languages":{"de":{"title":true,"content":true,"excerpt":false},"en":{"title":false,"content":false,"excerpt":false}}},"_links":{"self":[{"href":"https:\/\/www.selk-muenchen.de\/en\/wp-json\/wp\/v2\/pages\/228","targetHints":{"allow":["GET"]}}],"collection":[{"href":"https:\/\/www.selk-muenchen.de\/en\/wp-json\/wp\/v2\/pages"}],"about":[{"href":"https:\/\/www.selk-muenchen.de\/en\/wp-json\/wp\/v2\/types\/page"}],"author":[{"embeddable":true,"href":"https:\/\/www.selk-muenchen.de\/en\/wp-json\/wp\/v2\/users\/1"}],"replies":[{"embeddable":true,"href":"https:\/\/www.selk-muenchen.de\/en\/wp-json\/wp\/v2\/comments?post=228"}],"version-history":[{"count":20,"href":"https:\/\/www.selk-muenchen.de\/en\/wp-json\/wp\/v2\/pages\/228\/revisions"}],"predecessor-version":[{"id":10640,"href":"https:\/\/www.selk-muenchen.de\/en\/wp-json\/wp\/v2\/pages\/228\/revisions\/10640"}],"up":[{"embeddable":true,"href":"https:\/\/www.selk-muenchen.de\/en\/wp-json\/wp\/v2\/pages\/11"}],"wp:attachment":[{"href":"https:\/\/www.selk-muenchen.de\/en\/wp-json\/wp\/v2\/media?parent=228"}],"curies":[{"name":"wp","href":"https:\/\/api.w.org\/{rel}","templated":true}]}}