{"id":231,"date":"2014-10-15T23:26:59","date_gmt":"2014-10-15T21:26:59","guid":{"rendered":"http:\/\/new.selk-muenchen.de\/?page_id=231"},"modified":"2023-10-01T11:28:13","modified_gmt":"2023-10-01T09:28:13","slug":"jaehrliche-veranstaltungen","status":"publish","type":"page","link":"https:\/\/www.selk-muenchen.de\/en\/jaehrliche-veranstaltungen\/","title":{"rendered":"J\u00e4hrliche Veranstaltungen"},"content":{"rendered":"<p>Neben den w\u00f6chentlichen oder monatlichen Gemeindeaktivit\u00e4ten gibt es noch j\u00e4hrliche Veranstaltungen, \u00fcber die Sie sich in den Untermen\u00fcs\u00a0dieser Seite im Einzelnen informieren k\u00f6nnen. Wir w\u00fcnschen Ihnen dabei viel Freude und stehen Ihnen <a title=\"Startseite\" href=\"https:\/\/www.selk-muenchen.de\/wp-content\/uploads\/2014\/10\/?page_id=116\">f\u00fcr Fragen und weitere Informationen<\/a> gerne zur Verf\u00fcgung.<\/p>\n","protected":false},"excerpt":{"rendered":"<p>Neben den w\u00f6chentlichen oder monatlichen Gemeindeaktivit\u00e4ten gibt es noch j\u00e4hrliche Veranstaltungen, \u00fcber die Sie sich in den Untermen\u00fcs\u00a0dieser Seite im Einzelnen informieren k\u00f6nnen. Wir w\u00fcnschen Ihnen dabei viel Freude und stehen Ihnen f\u00fcr Fragen und weitere Informationen gerne zur Verf\u00fcgung.<\/p>\n","protected":false},"author":1,"featured_media":0,"parent":0,"menu_order":55,"comment_status":"closed","ping_status":"closed","template":"","meta":{"footnotes":""},"class_list":["post-231","page","type-page","status-publish","hentry"],"translation":{"provider":"WPGlobus","version":"3.0.2","language":"en","enabled_languages":["de","en"],"languages":{"de":{"title":true,"content":true,"excerpt":false},"en":{"title":false,"content":false,"excerpt":false}}},"_links":{"self":[{"href":"https:\/\/www.selk-muenchen.de\/en\/wp-json\/wp\/v2\/pages\/231","targetHints":{"allow":["GET"]}}],"collection":[{"href":"https:\/\/www.selk-muenchen.de\/en\/wp-json\/wp\/v2\/pages"}],"about":[{"href":"https:\/\/www.selk-muenchen.de\/en\/wp-json\/wp\/v2\/types\/page"}],"author":[{"embeddable":true,"href":"https:\/\/www.selk-muenchen.de\/en\/wp-json\/wp\/v2\/users\/1"}],"replies":[{"embeddable":true,"href":"https:\/\/www.selk-muenchen.de\/en\/wp-json\/wp\/v2\/comments?post=231"}],"version-history":[{"count":6,"href":"https:\/\/www.selk-muenchen.de\/en\/wp-json\/wp\/v2\/pages\/231\/revisions"}],"predecessor-version":[{"id":8623,"href":"https:\/\/www.selk-muenchen.de\/en\/wp-json\/wp\/v2\/pages\/231\/revisions\/8623"}],"wp:attachment":[{"href":"https:\/\/www.selk-muenchen.de\/en\/wp-json\/wp\/v2\/media?parent=231"}],"curies":[{"name":"wp","href":"https:\/\/api.w.org\/{rel}","templated":true}]}}