{"id":74,"date":"2014-10-12T14:44:02","date_gmt":"2014-10-12T12:44:02","guid":{"rendered":"http:\/\/new.selk-muenchen.de\/?page_id=74"},"modified":"2025-11-09T15:35:19","modified_gmt":"2025-11-09T14:35:19","slug":"links","status":"publish","type":"page","link":"https:\/\/www.selk-muenchen.de\/en\/selk\/links\/","title":{"rendered":"Links"},"content":{"rendered":"<p>Hier finden Sie einige interessante Internetlinks.<\/p>\n<p>Unsere Gemeinde auf Instagram:<br \/>\n<a href=\"https:\/\/www.instagram.com\/selk.muenchen\/\" target=\"_blank\" rel=\"noopener\">https:\/\/www.instagram.com\/selk.muenchen\/<\/a><\/p>\n<p><a href=\"https:\/\/www.selk-muenchen.de\/wp-content\/uploads\/2014\/10\/www.selk2.de\" target=\"_blank\" rel=\"noopener noreferrer\">SELK Homepage<\/a><\/p>\n<p><a href=\"https:\/\/de.wikipedia.org\/wiki\/Selbst%C3%A4ndige_Evangelisch-Lutherische_Kirche#\" target=\"_blank\" rel=\"noopener noreferrer\">Die SELK bei Wikipedia<\/a><\/p>\n<p><a href=\"https:\/\/de.wikipedia.org\/wiki\/Kirchenbezirk_S%C3%BCddeutschland\" target=\"_blank\" rel=\"noopener noreferrer\">Kirchenbezirk S\u00fcddeutschland der SELK bei Wikipedia<\/a><\/p>\n<p><a href=\"https:\/\/www.bausteinsammlung.de\/\" target=\"_blank\" rel=\"noopener noreferrer\">Bausteinsammlung der SELK<\/a><\/p>\n<p><a href=\"https:\/\/mission-bleckmar.de\/\" target=\"_blank\" rel=\"noopener noreferrer\">Lutherische Kirchenmission<\/a><\/p>\n<p><a href=\"https:\/\/www.selk.de\/index.php\/diakonie\">Diakonie der SELK<\/a><\/p>\n<p><a href=\"http:\/\/www.lthh-oberursel.de\/\" target=\"_blank\" rel=\"noopener noreferrer\">Lutherische Theologische Hochschule Oberursel<\/a><\/p>\n<p><a href=\"https:\/\/www.selk-muenchen.de\/wp-content\/uploads\/2014\/10\/ack-munchen1\" target=\"_blank\" rel=\"noopener noreferrer\">ACK M\u00fcnchen<\/a><\/p>\n<p><a href=\"https:\/\/www.selk-muenchen.de\/wp-content\/uploads\/2014\/10\/www.ack-bayern1.de\" target=\"_blank\" rel=\"noopener noreferrer\">ACK Bayern<\/a><\/p>\n<p><a href=\"https:\/\/evebc.de\/artikel\/2662\" target=\"_blank\" rel=\"noopener noreferrer\">Unsere Nachbargemeinde der evangelischen Landeskirche<\/a><\/p>\n<p><a href=\"https:\/\/selk-nuernberg.de\/\" target=\"_blank\" rel=\"noopener noreferrer\">Unsere Nachbargemeinde in N\u00fcrnberg<\/a><\/p>\n<p><a href=\"https:\/\/www.selk-memmingen.de\/\" target=\"_blank\" rel=\"noopener noreferrer\">Unsere Nachbargemeinde in Memmingen<\/a><\/p>\n<p><a href=\"https:\/\/www.selk-muenchen.de\/wp-content\/uploads\/2014\/10\/www.selk-dresden1.de\" target=\"_blank\" rel=\"noopener noreferrer\">Unsere Partnergemeinde in Dresden<\/a><\/p>\n<p><a href=\"https:\/\/selk-landau.de\/talk\" target=\"_blank\" rel=\"noopener\">Talk im Gew\u00f6lbe der Katharinengemeinde Landau<\/a><\/p>\n<p><a href=\"https:\/\/www.diasporawerk-selk.com\/\">Diasporawerk in der SELK<\/a><\/p>\n<p><a href=\"http:\/\/www.dbg.de\/\" target=\"_blank\" rel=\"noopener noreferrer\">Deutsche Bibelgesellschaft<\/a> (mit Online-Version der Lutherbibel)<\/p>\n<p><a href=\"http:\/\/www.selk-jugend.de\/\">Jugendwerk der SELK<\/a><\/p>\n<p><a href=\"http:\/\/www.afg-selk.de\/\" target=\"_blank\" rel=\"noopener noreferrer\">Amt f\u00fcr Gemeindedienst<\/a><\/p>\n<p><a href=\"http:\/\/www.lutherischestunde.de\/\">Lutherische Medienmission\/Lutherische Stunde<\/a><\/p>\n<p>Artikel \u00fcber Kirchenasyl f\u00fcr Fl\u00fcchtlinge in<br \/>\n<a title=\"Die Welt\" href=\"https:\/\/www.selk-muenchen.de\/wp-content\/uploads\/2014\/10\/Warum-ein-Pfarrer-Fluechtlingen-Kirchenasyl-gewaehrt.html\" target=\"_blank\" rel=\"noopener noreferrer\">Die Welt<\/a> und <a title=\"B.Z.\" href=\"https:\/\/www.selk-muenchen.de\/wp-content\/uploads\/2014\/10\/das-kleine-taufwunder-von-steglitz\" target=\"_blank\" rel=\"noopener noreferrer\">B.Z.<\/a>.<\/p>\n<p>Bericht \u00fcber Konvertiten vom Islam zum Christentum in der <a href=\"https:\/\/www.selk-muenchen.de\/wp-content\/uploads\/2014\/10\/konvertiten-jesus-statt-mohammed-1.18547949\" target=\"_blank\" rel=\"noopener noreferrer\">Neuen Z\u00fcricher Zeitung<\/a>.<\/p>\n","protected":false},"excerpt":{"rendered":"<p>Hier finden Sie einige interessante Internetlinks. Unsere Gemeinde auf Instagram: https:\/\/www.instagram.com\/selk.muenchen\/ SELK Homepage Die SELK bei Wikipedia Kirchenbezirk S\u00fcddeutschland der SELK bei Wikipedia Bausteinsammlung der SELK Lutherische Kirchenmission Diakonie der SELK Lutherische Theologische Hochschule Oberursel ACK M\u00fcnchen ACK Bayern Unsere Nachbargemeinde der evangelischen Landeskirche Unsere Nachbargemeinde in N\u00fcrnberg Unsere Nachbargemeinde in Memmingen Unsere Partnergemeinde in &hellip; <a href=\"https:\/\/www.selk-muenchen.de\/en\/selk\/links\/\" class=\"more-link\">Continue reading <span class=\"screen-reader-text\">Links<\/span> <span class=\"meta-nav\">&rarr;<\/span><\/a><\/p>\n","protected":false},"author":1,"featured_media":0,"parent":21,"menu_order":6,"comment_status":"closed","ping_status":"closed","template":"","meta":{"footnotes":""},"class_list":["post-74","page","type-page","status-publish","hentry"],"translation":{"provider":"WPGlobus","version":"3.0.2","language":"en","enabled_languages":["de","en"],"languages":{"de":{"title":true,"content":true,"excerpt":false},"en":{"title":false,"content":false,"excerpt":false}}},"_links":{"self":[{"href":"https:\/\/www.selk-muenchen.de\/en\/wp-json\/wp\/v2\/pages\/74","targetHints":{"allow":["GET"]}}],"collection":[{"href":"https:\/\/www.selk-muenchen.de\/en\/wp-json\/wp\/v2\/pages"}],"about":[{"href":"https:\/\/www.selk-muenchen.de\/en\/wp-json\/wp\/v2\/types\/page"}],"author":[{"embeddable":true,"href":"https:\/\/www.selk-muenchen.de\/en\/wp-json\/wp\/v2\/users\/1"}],"replies":[{"embeddable":true,"href":"https:\/\/www.selk-muenchen.de\/en\/wp-json\/wp\/v2\/comments?post=74"}],"version-history":[{"count":33,"href":"https:\/\/www.selk-muenchen.de\/en\/wp-json\/wp\/v2\/pages\/74\/revisions"}],"predecessor-version":[{"id":10841,"href":"https:\/\/www.selk-muenchen.de\/en\/wp-json\/wp\/v2\/pages\/74\/revisions\/10841"}],"up":[{"embeddable":true,"href":"https:\/\/www.selk-muenchen.de\/en\/wp-json\/wp\/v2\/pages\/21"}],"wp:attachment":[{"href":"https:\/\/www.selk-muenchen.de\/en\/wp-json\/wp\/v2\/media?parent=74"}],"curies":[{"name":"wp","href":"https:\/\/api.w.org\/{rel}","templated":true}]}}