{"id":78,"date":"2014-10-12T15:06:04","date_gmt":"2014-10-12T13:06:04","guid":{"rendered":"http:\/\/new.selk-muenchen.de\/?page_id=78"},"modified":"2025-12-10T15:38:33","modified_gmt":"2025-12-10T14:38:33","slug":"geschichte-der-trinitatisgemeinde","status":"publish","type":"page","link":"https:\/\/www.selk-muenchen.de\/en\/startseite\/geschichte-der-trinitatisgemeinde\/","title":{"rendered":"Geschichte der Trinitatisgemeinde"},"content":{"rendered":"\n<h4 class=\"wp-block-heading\">Anf\u00e4nge<\/h4>\n\n\n\n<p><span class=\"normal\">Schon seit 1931 gab es lutherisch-freikirchliche Gottesdienste im Raum M\u00fcnchen, nachdem sich einzelne Familien verschiedenster lutherischer Bekenntniskirchen hier niedergelassen hatten. Durch die Gr\u00fcndung der \u201eEvangelischen Kirche in Deutschland\u201c (EKD) 1948 endete die Kirchengemeinschaft der fr\u00fcheren altlutherischen Kirche mit der bayrischen Landeskirche. Alle selbst\u00e4ndigen lutherischen Kirchen sahen in diesem \u201eKirchenbund\u201c von lutherischen, unierten und reformierten Kirchen eine dem Wesen nach unierte Kirche. Deshalb f\u00fchrten alle Bestrebungen zur Bildung einer lutherischen Bekenntnisgemeinde in M\u00fcnchen noch vor dem Zusammenschluss der verschiedensten Vorg\u00e4ngerkirchen zur heutigen Selbst\u00e4ndigen Ev.-Luth. Kirche (SELK). Schon im Jahr 1964 wurde in der altkatholischen St. Andreas-Kapelle in der T\u00fcrkenstrasse in M\u00fcnchen-Schwabing der erste gemeinsame Gottesdienst aller Bekenntnislutheraner in M\u00fcnchen gefeiert. 1966 wurde ein gemeinsames Pfarramt der altlutherischen Kirche, der Ev.-Luth. Bekenntniskirche und der Ev.-Luth. Freikirche in M\u00fcnchen beschlossen.<\/span><\/p>\n\n\n\n<h4 class=\"wp-block-heading\">Gr\u00fcndung des Pfarramts und erster Kirchbau<\/h4>\n\n\n<div class=\"wp-block-image\">\n<figure class=\"alignleft is-resized\"><img decoding=\"async\" src=\"https:\/\/www.selk-muenchen.de\/wp-content\/uploads\/2014\/10\/Einf\u00fchrung_20060917_27-e14193421113331.jpg\" alt=\"Einf\u00fchrung_20060917_27\" class=\"wp-image-106\" style=\"aspect-ratio:0.6532972184602562;width:128px;height:auto\"\/><figcaption class=\"wp-element-caption\">Probst Karl Wengenroth, D.D.<\/figcaption><\/figure>\n<\/div>\n\n\n<p>Am 10. Juli 1966 konnte der erste Pfarrer unserer Gemeinde und sp\u00e4tere&nbsp;Propst Karl Wengenroth, D.D. in das Pfarramt eingef\u00fchrt werden. Seiner Beharrlichkeit ist es zu verdanken, dass der Wunsch nach einem geistlichen Zentrum durch den Erwerb einer alten Privatschule in M\u00fcnchen-Obermenzing und anschlie\u00dfender Baut\u00e4tigkeit zur Weihe unserer Trinitatiskirche am 1.10.1978 f\u00fchrte.<\/p>\n\n\n<div class=\"wp-block-image\">\n<figure class=\"alignright is-resized\"><img decoding=\"async\" src=\"https:\/\/www.selk-muenchen.de\/wp-content\/uploads\/2014\/10\/Gmdfest_20070722_04_raw-300x2021.jpg\" alt=\"Gmdfest_20070722_04_raw\" class=\"wp-image-108\" style=\"aspect-ratio:1.4852634021814806;width:231px;height:auto\"\/><figcaption class=\"wp-element-caption\">Kirche von 1978-2018 mit Pfarrhaus<\/figcaption><\/figure>\n<\/div>\n\n\n<p>Seitdem ist das Pfarramt und die Kirche in der Lustheimstrasse 20 \u2013 unweit des Schlossparks Nymphenburg \u2013 angesiedelt.&nbsp; Eine weit \u00fcber M\u00fcnchen hinauswohnende Gemeinde sammelt sich an jedem Sonn- und Feiertag hier zum Gottesdienst.<\/p>\n\n\n\n<h4 class=\"wp-block-heading\">Pfarrer der Gemeinde<\/h4>\n\n\n<div class=\"wp-block-image\">\n<figure class=\"alignright is-resized\"><img decoding=\"async\" src=\"https:\/\/www.selk-muenchen.de\/wp-content\/uploads\/2014\/10\/Einf\u00fchrung_20060917_05-e14193421933981.jpg\" alt=\"Einf\u00fchrung_20060917_05\" class=\"wp-image-102\" style=\"aspect-ratio:0.8066465256797583;width:152px;height:auto\"\/><figcaption class=\"wp-element-caption\">Pfarrer Dr. Hans Horsch<\/figcaption><\/figure>\n<\/div>\n\n\n<p>Nach der Emeritierung von Pfarrer Karl Wengenroth im Jahr 1995 wurde Pfarrer Dr. Hans Horsch ein Jahr sp\u00e4ter in das Pfarramt der Trinitatisgemeinde eingef\u00fchrt.<\/p>\n\n\n<div class=\"wp-block-image\">\n<figure class=\"alignleft\"><img decoding=\"async\" src=\"https:\/\/www.selk-muenchen.de\/wp-content\/uploads\/2014\/10\/Einf\u00fchrung_20060917_11-e14193424455561.jpg\" alt=\"Einf\u00fchrung_20060917_11\" class=\"wp-image-95\"\/><figcaption class=\"wp-element-caption\">Pfarrer Frank-Christian Schmitt<\/figcaption><\/figure>\n<\/div>\n\n\n<p>Nach seinem Ruhestand berief die Gemeinde ihren jetzigen Seelsorger Pfarrer Frank-Christian Schmitt, der am 17. September 2006 in das Pfarramt eingef\u00fchrt wurde.<\/p>\n\n\n\n<p>&nbsp;<\/p>\n\n\n<div class=\"wp-block-image\">\n<figure class=\"alignright is-resized\"><img decoding=\"async\" src=\"https:\/\/www.selk-muenchen.de\/wp-content\/uploads\/2014\/10\/TinoBahl1.jpg\" alt=\"TinoBahl\" class=\"wp-image-87\" style=\"width:142px;height:auto\"\/><figcaption class=\"wp-element-caption\">Vikar Tino Bahl<\/figcaption><\/figure>\n<\/div>\n\n\n<p>Vom 4. Oktober 2009 bis 30. April 2012 hatte die Gemeinde einen Vikar: Tino Bahl. Am 1. Mai wurde Tino Bahl in der Schlosskirche in Wei\u00dfenfels durch SELK-Bischof Hans-J\u00f6rg Voigt, D.D. unter Assistenz von Superintendent Thomas Junker und Pfarrer Frank-Christian Schmitt ordiniert.<\/p>\n\n\n<div class=\"wp-block-image\">\n<figure class=\"alignleft is-resized\"><img decoding=\"async\" src=\"https:\/\/www.selk-muenchen.de\/wp-content\/uploads\/2014\/10\/DSC00742_WpK1.jpg\" alt=\"DSC00742_WpK\" class=\"wp-image-449\" style=\"width:129px;height:auto\"\/><figcaption class=\"wp-element-caption\">Pfarrdiakon Walter Wiener<\/figcaption><\/figure>\n<\/div>\n\n\n<p>Seit Februar 2015 ist Pfarrdiakon Walter Wiener ehrenamtlich in der Trinitatisgemeinde M\u00fcnchen t\u00e4tig.<\/p>\n\n\n\n<p>&nbsp;<\/p>\n\n\n\n<p>&nbsp;<\/p>\n\n\n<div class=\"wp-block-image\">\n<figure class=\"alignright is-resized\"><a href=\"https:\/\/www.selk-muenchen.de\/wp-content\/uploads\/2024\/12\/Profilbild.jpeg\"><img loading=\"lazy\" decoding=\"async\" width=\"225\" height=\"300\" src=\"https:\/\/www.selk-muenchen.de\/wp-content\/uploads\/2024\/12\/Profilbild-225x300.jpeg\" alt=\"\" class=\"wp-image-9791\" style=\"width:121px;height:auto\" srcset=\"https:\/\/www.selk-muenchen.de\/wp-content\/uploads\/2024\/12\/Profilbild-225x300.jpeg 225w, https:\/\/www.selk-muenchen.de\/wp-content\/uploads\/2024\/12\/Profilbild-769x1024.jpeg 769w, https:\/\/www.selk-muenchen.de\/wp-content\/uploads\/2024\/12\/Profilbild-768x1022.jpeg 768w, https:\/\/www.selk-muenchen.de\/wp-content\/uploads\/2024\/12\/Profilbild-1154x1536.jpeg 1154w, https:\/\/www.selk-muenchen.de\/wp-content\/uploads\/2024\/12\/Profilbild.jpeg 1202w\" sizes=\"auto, (max-width: 225px) 100vw, 225px\" \/><\/a><figcaption class=\"wp-element-caption\">Vikar Joshua Volkmar<\/figcaption><\/figure>\n<\/div>\n\n\n<p>Am 1. Oktober 2024 hat Joshua Volkmar sein Vikariat in der Trinitatisgemeinde M\u00fcnchen begonnen.<\/p>\n\n\n\n<h4 class=\"wp-block-heading\">\u00a0Meilensteine<\/h4>\n\n\n<div class=\"wp-block-image\">\n<figure class=\"alignleft is-resized\"><a href=\"https:\/\/www.selk-muenchen.de\/wp-content\/uploads\/2014\/10\/voigt_h-j_2008.jpg\"><img loading=\"lazy\" decoding=\"async\" width=\"125\" height=\"164\" src=\"https:\/\/www.selk-muenchen.de\/wp-content\/uploads\/2014\/10\/voigt_h-j_2008.jpg\" alt=\"\" class=\"wp-image-86\" style=\"aspect-ratio:0.7622677465459743;width:90px;height:auto\"\/><\/a><figcaption class=\"wp-element-caption\">Bischof Hans-J\u00f6rg Voigt D.D.<\/figcaption><\/figure>\n<\/div>\n\n\n<p>Am 12. Oktober 2008 feierte&nbsp;die Gemeinde dankbar ihr 30-j\u00e4hriges Kirchweihjubil\u00e4um und konnte dazu ihren Bischof aus Hannover begr\u00fc\u00dfen.<\/p>\n\n\n\n<p>&nbsp;<\/p>\n\n\n<div class=\"wp-block-image\">\n<figure class=\"alignright is-resized\"><img decoding=\"async\" src=\"https:\/\/www.selk-muenchen.de\/wp-content\/uploads\/2014\/10\/IMG_0142_WpT11.jpg\" alt=\"IMG_0142_WpT\" class=\"wp-image-458\" style=\"aspect-ratio:0.7611564507727036;width:153px;height:auto\"\/><\/figure>\n<\/div>\n\n\n<p>Im Jahr 2011 konnte das Nachbarhaus Lustheimstr. 18 gekauft und im Januar 2012 auf den Namen &#8220;Dorothea-G\u00e4belein-Haus&#8221; geweiht werden. Das gro\u00dfz\u00fcgige Verm\u00e4chtnis von Frau Dorothea&nbsp;G\u00e4belein (1935 &#8211; 2008) machte diesen Kauf m\u00f6glich. Inzwischen dient das Dorothea-G\u00e4belein-Haus als Kindergottesdienst- und Gruppenraum. Dar\u00fcber hinaus stellt die Gemeinde dort Zimmer f\u00fcr Studenten zur Verf\u00fcgung. Von Januar 2012 bis Mai 2019 beherbergte das Dorothea-G\u00e4belein-Haus auch das Amtszimmer des Pfarrers.<\/p>\n\n\n\n<h4 class=\"wp-block-heading\">Zweiter Kirchbau<\/h4>\n\n\n<div class=\"wp-block-image\">\n<figure class=\"alignright is-resized\"><a href=\"https:\/\/www.selk-muenchen.de\/wp-content\/uploads\/2014\/10\/P1110984_a.jpg\"><img decoding=\"async\" src=\"https:\/\/www.selk-muenchen.de\/wp-content\/uploads\/2014\/10\/P1110984_a-150x1501.jpg\" alt=\"\" class=\"wp-image-3836\" style=\"width:150px;height:auto\"\/><\/a><\/figure>\n<\/div>\n\n\n<p>Am 19. Februar 2017 hat die Trinitatisgemeinde in einer Gemeindeversammlung mit gro\u00dfer Mehrheit den Neubau von Kirche und Gemeindesaal beschlossen. Dieser Entscheidung ging ein jahrelanger Diskussions- und Planungsprozess voran.<\/p>\n\n\n<div class=\"wp-block-image\">\n<figure class=\"alignleft is-resized\"><a href=\"https:\/\/www.selk-muenchen.de\/wp-content\/uploads\/2014\/10\/P1110990_a.jpg\"><img decoding=\"async\" src=\"https:\/\/www.selk-muenchen.de\/wp-content\/uploads\/2014\/10\/P1110990_a-150x1501.jpg\" alt=\"\" class=\"wp-image-3837\" style=\"width:151px;height:auto\"\/><\/a><\/figure>\n<\/div>\n\n\n<p>Die Sanierungsbed\u00fcrftigkeit des kleinen Kirchgeb\u00e4udes mit darunterliegendem Gemeindesaal aus dem Jahr 1978 sowie unzureichende Sanit\u00e4ranlagen und die viel zu kleine K\u00fcche f\u00fcr die doch \u00fcber die Jahre stetig gewachsene Gemeinde, die in ihrer gro\u00dfen Diasporasituation gerne zu vielen Anl\u00e4ssen auch die Gemeinschaft mit einem Essen nach dem Gottesdienst pflegt, waren der Ausgangspunkt vieler \u00dcberlegungen zu einer Verbesserung dieser Situation. Dabei war auch die gro\u00dfe Zahl von Kindern, die sonnt\u00e4glich den Kindergottesdienst besuchen und i.d.R. in zwei Gruppen betreut und unterwiesen werden, f\u00fcr viele Gemeindeglieder ein wichtiges Argument mehr Raum schaffen zu wollen.<\/p>\n\n\n<div class=\"wp-block-image\">\n<figure class=\"alignright is-resized\"><a href=\"https:\/\/www.selk-muenchen.de\/wp-content\/uploads\/2014\/10\/P1120011.jpg\"><img decoding=\"async\" src=\"https:\/\/www.selk-muenchen.de\/wp-content\/uploads\/2014\/10\/P1120011-150x1501.jpg\" alt=\"\" class=\"wp-image-3838\" style=\"width:150px;height:auto\"\/><\/a><\/figure>\n<\/div>\n\n\n<p>Von Juni 2018 bis Mai 2019 wurde das Bauvorhaben dann tats\u00e4chlich durchgef\u00fchrt. Die meisten Arbeiten liefen v\u00f6llig reibungslos und ohne zeitliche Verz\u00f6gerung. Nur auf den Kirchturm und die Glocken m\u00fcssen wir noch ein paar Monate warten.<\/p>\n\n\n<div class=\"wp-block-image\">\n<figure class=\"alignleft is-resized\"><a href=\"https:\/\/www.selk-muenchen.de\/wp-content\/uploads\/2014\/10\/P1120223_a.jpg\"><img decoding=\"async\" src=\"https:\/\/www.selk-muenchen.de\/wp-content\/uploads\/2014\/10\/P1120223_a-150x1501.jpg\" alt=\"\" class=\"wp-image-3839\" style=\"width:151px;height:auto\"\/><\/a><\/figure>\n<\/div>\n\n\n<p>Die Gemeinde verbindet nun mit der Realisierung ihres Bauvorhabens auch eine gezielte Wirkung in die \u00d6ffentlichkeit und hofft mit einem repr\u00e4sentativerem Gemeindezentrum f\u00fcr die Zukunft im Raum M\u00fcnchen gut aufgestellt zu sein. Vor allem aber erbittet sie den Segen und den Beistand unseres Dreieinigen Gottes in allem Tun zur Ehre seines Namens.<\/p>\n\n\n\n<h4 class=\"wp-block-heading\">Gemeinde heute<\/h4>\n\n\n<div class=\"wp-block-image is-style-rounded\">\n<figure data-wp-context=\"{&quot;imageId&quot;:&quot;69de64bcdfaef&quot;}\" data-wp-interactive=\"core\/image\" data-wp-key=\"69de64bcdfaef\" class=\"aligncenter is-resized wp-lightbox-container\"><img loading=\"lazy\" decoding=\"async\" width=\"2560\" height=\"1440\" data-wp-class--hide=\"state.isContentHidden\" data-wp-class--show=\"state.isContentVisible\" data-wp-init=\"callbacks.setButtonStyles\" data-wp-on--click=\"actions.showLightbox\" data-wp-on--load=\"callbacks.setButtonStyles\" data-wp-on-window--resize=\"callbacks.setButtonStyles\" src=\"https:\/\/www.selk-muenchen.de\/wp-content\/uploads\/2025\/10\/Kirche_Innenraum_251019b-scaled.jpg\" alt=\"\" class=\"wp-image-10778\" style=\"aspect-ratio:1.7778224186420248;width:344px;height:auto\" srcset=\"https:\/\/www.selk-muenchen.de\/wp-content\/uploads\/2025\/10\/Kirche_Innenraum_251019b-scaled.jpg 2560w, https:\/\/www.selk-muenchen.de\/wp-content\/uploads\/2025\/10\/Kirche_Innenraum_251019b-300x169.jpg 300w, https:\/\/www.selk-muenchen.de\/wp-content\/uploads\/2025\/10\/Kirche_Innenraum_251019b-1024x576.jpg 1024w, https:\/\/www.selk-muenchen.de\/wp-content\/uploads\/2025\/10\/Kirche_Innenraum_251019b-768x432.jpg 768w, https:\/\/www.selk-muenchen.de\/wp-content\/uploads\/2025\/10\/Kirche_Innenraum_251019b-1536x864.jpg 1536w, https:\/\/www.selk-muenchen.de\/wp-content\/uploads\/2025\/10\/Kirche_Innenraum_251019b-2048x1152.jpg 2048w\" sizes=\"auto, (max-width: 2560px) 100vw, 2560px\" \/><button\n\t\t\tclass=\"lightbox-trigger\"\n\t\t\ttype=\"button\"\n\t\t\taria-haspopup=\"dialog\"\n\t\t\taria-label=\"Enlarge\"\n\t\t\tdata-wp-init=\"callbacks.initTriggerButton\"\n\t\t\tdata-wp-on--click=\"actions.showLightbox\"\n\t\t\tdata-wp-style--right=\"state.imageButtonRight\"\n\t\t\tdata-wp-style--top=\"state.imageButtonTop\"\n\t\t>\n\t\t\t<svg xmlns=\"http:\/\/www.w3.org\/2000\/svg\" width=\"12\" height=\"12\" fill=\"none\" viewBox=\"0 0 12 12\">\n\t\t\t\t<path fill=\"#fff\" d=\"M2 0a2 2 0 0 0-2 2v2h1.5V2a.5.5 0 0 1 .5-.5h2V0H2Zm2 10.5H2a.5.5 0 0 1-.5-.5V8H0v2a2 2 0 0 0 2 2h2v-1.5ZM8 12v-1.5h2a.5.5 0 0 0 .5-.5V8H12v2a2 2 0 0 1-2 2H8Zm2-12a2 2 0 0 1 2 2v2h-1.5V2a.5.5 0 0 0-.5-.5H8V0h2Z\" \/>\n\t\t\t<\/svg>\n\t\t<\/button><\/figure>\n<\/div>\n\n\n<div class=\"wp-block-group is-nowrap is-layout-flex wp-container-core-group-is-layout-ad2f72ca wp-block-group-is-layout-flex\">\n<p>Reges gottesdienstliches Leben und eine gute Altersstruktur mit vielen jungen Familien kennzeichnet das Gemeindeleben der Trinitatisgemeinde, die durch Gottes Hilfe auf nun mehr \u00fcber 300 Gemeindeglieder angewachsen ist. Viele Lutheraner aus anderen Gemeinden der SELK in Deutschland und aus Schwesterkirchen im Ausland haben in der Trinitatisgemeinde eine neue geistliche Heimat gefunden. Ehemalige Christen der Ev. Landeskirchen haben sich aus Bekenntnisgr\u00fcnden der SELK in M\u00fcnchen angeschlossen. Auch r\u00f6m.-kath. Christen fanden in der SELK mit ihrem liturgisch-katholischen Erbe, ihrer eindeutigen sakramentalen Praxis und der verbindlichen Verk\u00fcndigung die gesuchte Kirche.<\/p>\n<\/div>\n","protected":false},"excerpt":{"rendered":"<p>Anf\u00e4nge Schon seit 1931 gab es lutherisch-freikirchliche Gottesdienste im Raum M\u00fcnchen, nachdem sich einzelne Familien verschiedenster lutherischer Bekenntniskirchen hier niedergelassen hatten. Durch die Gr\u00fcndung der \u201eEvangelischen Kirche in Deutschland\u201c (EKD) 1948 endete die Kirchengemeinschaft der fr\u00fcheren altlutherischen Kirche mit der bayrischen Landeskirche. Alle selbst\u00e4ndigen lutherischen Kirchen sahen in diesem \u201eKirchenbund\u201c von lutherischen, unierten und reformierten &hellip; <a href=\"https:\/\/www.selk-muenchen.de\/en\/startseite\/geschichte-der-trinitatisgemeinde\/\" class=\"more-link\">Continue reading <span class=\"screen-reader-text\">Geschichte der Trinitatisgemeinde<\/span> <span class=\"meta-nav\">&rarr;<\/span><\/a><\/p>\n","protected":false},"author":1,"featured_media":0,"parent":11,"menu_order":5,"comment_status":"closed","ping_status":"closed","template":"","meta":{"footnotes":""},"class_list":["post-78","page","type-page","status-publish","hentry"],"translation":{"provider":"WPGlobus","version":"3.0.2","language":"en","enabled_languages":["de","en"],"languages":{"de":{"title":true,"content":true,"excerpt":false},"en":{"title":false,"content":false,"excerpt":false}}},"_links":{"self":[{"href":"https:\/\/www.selk-muenchen.de\/en\/wp-json\/wp\/v2\/pages\/78","targetHints":{"allow":["GET"]}}],"collection":[{"href":"https:\/\/www.selk-muenchen.de\/en\/wp-json\/wp\/v2\/pages"}],"about":[{"href":"https:\/\/www.selk-muenchen.de\/en\/wp-json\/wp\/v2\/types\/page"}],"author":[{"embeddable":true,"href":"https:\/\/www.selk-muenchen.de\/en\/wp-json\/wp\/v2\/users\/1"}],"replies":[{"embeddable":true,"href":"https:\/\/www.selk-muenchen.de\/en\/wp-json\/wp\/v2\/comments?post=78"}],"version-history":[{"count":65,"href":"https:\/\/www.selk-muenchen.de\/en\/wp-json\/wp\/v2\/pages\/78\/revisions"}],"predecessor-version":[{"id":10980,"href":"https:\/\/www.selk-muenchen.de\/en\/wp-json\/wp\/v2\/pages\/78\/revisions\/10980"}],"up":[{"embeddable":true,"href":"https:\/\/www.selk-muenchen.de\/en\/wp-json\/wp\/v2\/pages\/11"}],"wp:attachment":[{"href":"https:\/\/www.selk-muenchen.de\/en\/wp-json\/wp\/v2\/media?parent=78"}],"curies":[{"name":"wp","href":"https:\/\/api.w.org\/{rel}","templated":true}]}}